{"id":10,"date":"2024-05-17T19:09:04","date_gmt":"2024-05-17T17:09:04","guid":{"rendered":"https:\/\/motivaciomuhely.hu\/?page_id=10"},"modified":"2026-04-10T14:59:39","modified_gmt":"2026-04-10T12:59:39","slug":"aspektus-csoport","status":"publish","type":"page","link":"https:\/\/motivaciomuhely.hu\/en\/aspektus-csoport\/","title":{"rendered":"Aspect Group"},"content":{"rendered":"<p class=\"has-text-align-left text-justify\">Motivation Collective is a founding member of Aspect Group, an initiative dedicated to strengthening autonomous local communities and civil society organizations. In collaboration with Alternative Communities Association in Debrecen, Dialogue for Communities Public Benefit Association in Miskolc, and Power of Humanity Foundation in P\u00e9cs, we actively contribute to building a stronger and more resilient civic ecosystem.\nGuided by shared values and goals, we work together toward a more just, sustainable, and inclusive Hungary. One of our key joint initiatives is Aspektus+, a comprehensive capacity-building program designed for civil society organizations outside Budapest.<\/p>\n\n\n\n<p class=\"Tudj meg t\u00f6bbet az Aspektus Csoportr\u00f3l a https:\/\/www.aspektus.hu\/ weboldalon!text-justify\"><strong>You can learn more about the work of Aspect Group on its <a href=\"https:\/\/www.aspektus.hu\/en\/\">website<\/a> and <a href=\"https:\/\/www.facebook.com\/aspektuscsoport\">Facebook page,<\/a> and stay informed about current news and programs through its <a href=\"https:\/\/actionnetwork.org\/forms\/iratkozz-fel-az-aspektus-csoport-hirlevelere\" data-type=\"link\" data-id=\"https:\/\/actionnetwork.org\/forms\/iratkozz-fel-az-aspektus-csoport-hirlevelere\">newsletter.<\/a><\/strong><\/p>\n\n\n\n<div class=\"wp-block-buttons is-layout-flex wp-block-buttons-is-layout-flex\">\n<div class=\"wp-block-button\"><a class=\"wp-block-button__link has-white-color has-custom-sz-n-1-background-color has-text-color has-background has-link-color wp-element-button\" href=\"https:\/\/palyazat.aspektus.hu\/\"><strong>ASPEKTUS+ programme<\/strong><\/a><\/div>\n<\/div>\n\n\n\n<p><\/p>\n\n\n\n<figure class=\"wp-block-image aligncenter size-large is-resized\"><img loading=\"lazy\" decoding=\"async\" width=\"1024\" height=\"768\" src=\"https:\/\/motivaciomuhely.hu\/wp-content\/uploads\/2025\/03\/481473930_633849699253771_3532948202098283740_n-1024x768.jpg\" alt=\"\" class=\"wp-image-540\" style=\"width:472px;height:auto\" srcset=\"https:\/\/motivaciomuhely.hu\/wp-content\/uploads\/2025\/03\/481473930_633849699253771_3532948202098283740_n-1024x768.jpg 1024w, https:\/\/motivaciomuhely.hu\/wp-content\/uploads\/2025\/03\/481473930_633849699253771_3532948202098283740_n-300x225.jpg 300w, https:\/\/motivaciomuhely.hu\/wp-content\/uploads\/2025\/03\/481473930_633849699253771_3532948202098283740_n-768x576.jpg 768w, https:\/\/motivaciomuhely.hu\/wp-content\/uploads\/2025\/03\/481473930_633849699253771_3532948202098283740_n-1536x1152.jpg 1536w, https:\/\/motivaciomuhely.hu\/wp-content\/uploads\/2025\/03\/481473930_633849699253771_3532948202098283740_n-16x12.jpg 16w, https:\/\/motivaciomuhely.hu\/wp-content\/uploads\/2025\/03\/481473930_633849699253771_3532948202098283740_n.jpg 2048w\" sizes=\"auto, (max-width: 1024px) 100vw, 1024px\" \/><\/figure>","protected":false},"excerpt":{"rendered":"<p>A Motiv\u00e1ci\u00f3 M\u0171hely alap\u00edt\u00f3 tagja az Aspektus Csoportnak, amely az auton\u00f3m helyi k\u00f6z\u00f6ss\u00e9gek \u00e9s civil szervezetek meger\u0151s\u00edt\u00e9s\u00e9t t\u0171zte ki c\u00e9lul. A debreceni Alternat\u00edv K\u00f6z\u00f6ss\u00e9gek Egyes\u00fclet\u00e9vel, a miskolci Dial\u00f3g Egyes\u00fclettel \u00e9s a p\u00e9csi Embers\u00e9g Erej\u00e9vel Alap\u00edtv\u00e1nnyal egy\u00fcttm\u0171k\u00f6dve akt\u00edvan hozz\u00e1j\u00e1rulunk egy er\u0151sebb civil \u00f6kosziszt\u00e9ma kialak\u00edt\u00e1s\u00e1hoz. K\u00f6z\u00f6s \u00e9rt\u00e9kek \u00e9s c\u00e9lok ment\u00e9n egy szolid\u00e1risabb, fenntarthat\u00f3bb Magyarorsz\u00e1g\u00e9rt dolgozunk. E c\u00e9lok&#8230;<\/p>","protected":false},"author":1,"featured_media":0,"parent":0,"menu_order":0,"comment_status":"closed","ping_status":"closed","template":"","meta":{"footnotes":""},"class_list":["post-10","page","type-page","status-publish","hentry"],"_links":{"self":[{"href":"https:\/\/motivaciomuhely.hu\/en\/wp-json\/wp\/v2\/pages\/10","targetHints":{"allow":["GET"]}}],"collection":[{"href":"https:\/\/motivaciomuhely.hu\/en\/wp-json\/wp\/v2\/pages"}],"about":[{"href":"https:\/\/motivaciomuhely.hu\/en\/wp-json\/wp\/v2\/types\/page"}],"author":[{"embeddable":true,"href":"https:\/\/motivaciomuhely.hu\/en\/wp-json\/wp\/v2\/users\/1"}],"replies":[{"embeddable":true,"href":"https:\/\/motivaciomuhely.hu\/en\/wp-json\/wp\/v2\/comments?post=10"}],"version-history":[{"count":19,"href":"https:\/\/motivaciomuhely.hu\/en\/wp-json\/wp\/v2\/pages\/10\/revisions"}],"predecessor-version":[{"id":1541,"href":"https:\/\/motivaciomuhely.hu\/en\/wp-json\/wp\/v2\/pages\/10\/revisions\/1541"}],"wp:attachment":[{"href":"https:\/\/motivaciomuhely.hu\/en\/wp-json\/wp\/v2\/media?parent=10"}],"curies":[{"name":"wp","href":"https:\/\/api.w.org\/{rel}","templated":true}]}}