{"id":1195,"date":"2025-08-24T11:25:24","date_gmt":"2025-08-24T09:25:24","guid":{"rendered":"https:\/\/motivaciomuhely.hu\/?page_id=1195"},"modified":"2026-04-10T14:29:45","modified_gmt":"2026-04-10T12:29:45","slug":"onkentesseg","status":"publish","type":"page","link":"https:\/\/motivaciomuhely.hu\/en\/onkentesseg\/","title":{"rendered":"Volunteering at Motivation Collective"},"content":{"rendered":"<p class=\"text-justify\">You can join the Motivation Collective team as a volunteer twice a year, in September and February. This schedule allows us to provide high-quality training and team-building opportunities for new volunteers.<\/p>\n\n\n\n<p class=\"text-justify\">During each recruitment period, we are primarily looking for volunteer mentors to support disadvantaged children in our after-school programs in Szeged and Bal\u00e1stya. All selected applicants receive training and ongoing mentoring from our experienced staff throughout their volunteer work.<\/p>\n\n\n\n<p class=\"text-justify\">From time to time, we also recruit volunteers for roles beyond educational work\u2014for example, in program organization, communications, or initiatives related to climate action and sustainability. These opportunities depend on our current projects and organizational capacity.<\/p>\n\n\n\n<p class=\"text-justify\">You can find up-to-date information about recruitment periods, application requirements, and available roles on this page, as well as on our social media platforms and in our newsletter. <\/p>\n\n\n\n<p class=\"text-justify\">During the recruitment period, we organize an open day at our Szeged program to help prospective volunteers make an informed decision about joining.<\/p>\n\n\n\n<p class=\"text-justify\">Applicants are asked to submit a <a href=\"https:\/\/motivaciomuhely.hu\/wp-content\/uploads\/2026\/01\/CV_2026.doc\" data-type=\"attachment\" data-id=\"1357\">CV,<\/a> , followed by a personal interview where we provide detailed information about the role. During the conversation, we discuss applicants\u2019 motivations and experiences, and explore together how they can best contribute to our work.<\/p>\n\n\n\n<p class=\"text-justify\">We are not currently recruiting. If you are interested in volunteering with Motivation Collective, you are welcome to contact Usz\u00e1ma Mutier, Program Lead of our after-school programs, at <a href=\"mailto:mutier.uszama@motivaciomuhely.hu\">mutier.uszama@motivaciomuhely.hu<\/a> . This initial contact does not involve any commitment; you will receive a reminder email when the next recruitment period begins.<\/p>\n\n\n\n<hr class=\"wp-block-separator has-text-color has-custom-sz-n-2-color has-alpha-channel-opacity has-custom-sz-n-2-background-color has-background is-style-wide\" style=\"margin-top:var(--wp--preset--spacing--30);margin-bottom:var(--wp--preset--spacing--30)\"\/>\n\n\n\n<figure class=\"wp-block-embed is-type-video is-provider-youtube wp-block-embed-youtube wp-embed-aspect-16-9 wp-has-aspect-ratio\"><div class=\"wp-block-embed__wrapper\">\n<iframe loading=\"lazy\" title=\"Motiv\u00e1ci\u00f3 M\u0171hely: Egy sz\u00f3ban\" width=\"500\" height=\"281\" src=\"https:\/\/www.youtube.com\/embed\/jU2vMOY9P0s?feature=oembed\" frameborder=\"0\" allow=\"accelerometer; autoplay; clipboard-write; encrypted-media; gyroscope; picture-in-picture; web-share\" referrerpolicy=\"strict-origin-when-cross-origin\" allowfullscreen><\/iframe>\n<\/div><\/figure>","protected":false},"excerpt":{"rendered":"<p>A Motiv\u00e1ci\u00f3 M\u0171hely csapat\u00e1hoz \u00e9vente k\u00e9t alkalommal lehet \u00f6nk\u00e9ntesk\u00e9nt csatlakozni: szeptemberben \u00e9s febru\u00e1rban. Ezt az \u00fctemez\u00e9st az\u00e9rt alak\u00edtottuk ki, hogy az \u00faj \u00f6nk\u00e9ntesek sz\u00e1m\u00e1ra szervezett k\u00e9pz\u00e9seket \u00e9s csapat\u00e9p\u00edt\u0151 programokat a lehet\u0151 leghat\u00e9konyabban tudjuk megval\u00f3s\u00edtani. Mindk\u00e9t toborz\u00e1si id\u0151szakban tanodai \u00f6nk\u00e9ntes mentorokat keres\u00fcnk, akik a szegedi vagy a bal\u00e1styai tanod\u00e1nkban seg\u00edtik a h\u00e1tr\u00e1nyos helyzet\u0171 gyerekek fejleszt\u00e9s\u00e9t. A&#8230;<\/p>","protected":false},"author":1,"featured_media":0,"parent":0,"menu_order":0,"comment_status":"closed","ping_status":"closed","template":"","meta":{"footnotes":""},"class_list":["post-1195","page","type-page","status-publish","hentry"],"_links":{"self":[{"href":"https:\/\/motivaciomuhely.hu\/en\/wp-json\/wp\/v2\/pages\/1195","targetHints":{"allow":["GET"]}}],"collection":[{"href":"https:\/\/motivaciomuhely.hu\/en\/wp-json\/wp\/v2\/pages"}],"about":[{"href":"https:\/\/motivaciomuhely.hu\/en\/wp-json\/wp\/v2\/types\/page"}],"author":[{"embeddable":true,"href":"https:\/\/motivaciomuhely.hu\/en\/wp-json\/wp\/v2\/users\/1"}],"replies":[{"embeddable":true,"href":"https:\/\/motivaciomuhely.hu\/en\/wp-json\/wp\/v2\/comments?post=1195"}],"version-history":[{"count":16,"href":"https:\/\/motivaciomuhely.hu\/en\/wp-json\/wp\/v2\/pages\/1195\/revisions"}],"predecessor-version":[{"id":1523,"href":"https:\/\/motivaciomuhely.hu\/en\/wp-json\/wp\/v2\/pages\/1195\/revisions\/1523"}],"wp:attachment":[{"href":"https:\/\/motivaciomuhely.hu\/en\/wp-json\/wp\/v2\/media?parent=1195"}],"curies":[{"name":"wp","href":"https:\/\/api.w.org\/{rel}","templated":true}]}}