{"id":146,"date":"2024-07-13T14:26:47","date_gmt":"2024-07-13T12:26:47","guid":{"rendered":"https:\/\/motivaciomuhely.hu\/?page_id=146"},"modified":"2025-05-06T08:15:49","modified_gmt":"2025-05-06T06:15:49","slug":"fooldal","status":"publish","type":"page","link":"https:\/\/motivaciomuhely.hu\/en\/","title":{"rendered":"F\u0151oldal - en"},"content":{"rendered":"<div class=\"wp-block-group has-global-padding is-layout-constrained wp-block-group-is-layout-constrained\">\n<div class=\"wp-block-columns alignwide is-layout-flex wp-container-core-columns-is-layout-1 wp-block-columns-is-layout-flex\">\n<div class=\"wp-block-column relative is-layout-flow wp-block-column-is-layout-flow\" style=\"flex-basis:33.33%\">\n<figure class=\"wp-block-image size-large absolute top-[-80px] w-[220px] left-[-140px]\"><img loading=\"lazy\" decoding=\"async\" width=\"1024\" height=\"450\" src=\"https:\/\/motivaciomuhely.hu\/wp-content\/uploads\/2025\/04\/grafikuselemek_fooldal-1024x450.png\" alt=\"\" class=\"wp-image-760\" srcset=\"https:\/\/motivaciomuhely.hu\/wp-content\/uploads\/2025\/04\/grafikuselemek_fooldal-1024x450.png 1024w, https:\/\/motivaciomuhely.hu\/wp-content\/uploads\/2025\/04\/grafikuselemek_fooldal-300x132.png 300w, https:\/\/motivaciomuhely.hu\/wp-content\/uploads\/2025\/04\/grafikuselemek_fooldal-768x337.png 768w, https:\/\/motivaciomuhely.hu\/wp-content\/uploads\/2025\/04\/grafikuselemek_fooldal-1536x675.png 1536w, https:\/\/motivaciomuhely.hu\/wp-content\/uploads\/2025\/04\/grafikuselemek_fooldal-2048x900.png 2048w, https:\/\/motivaciomuhely.hu\/wp-content\/uploads\/2025\/04\/grafikuselemek_fooldal-18x8.png 18w\" sizes=\"auto, (max-width: 1024px) 100vw, 1024px\" \/><\/figure>\n\n\n\n<h2 class=\"wp-block-heading\">ONE PATH, SHARED.<\/h2>\n\n\n\n<p>Motivation Collective is<br>a community<br>working toward a society<br>shaped by solidarity,<br>openness,<br>sustainability, and fairness.<\/p>\n\n\n\n<div class=\"wp-block-group mt-16 has-global-padding is-layout-constrained wp-block-group-is-layout-constrained\">\n<p><a href=\"https:\/\/motivaciomuhely.hu\/en\/kik-vagyunk\/\" data-type=\"page\" data-id=\"226\" class=\"rounded bg-[#058c89] hover:bg-[#026e6b] moti-shadow transition-all px-3 py-4 text-white text-white no-underline\" >Get to know us<\/a><\/p>\n<\/div>\n<\/div>\n\n\n\n<div class=\"wp-block-column is-layout-flow wp-block-column-is-layout-flow\" style=\"flex-basis:66.66%\">\n<figure class=\"wp-block-image size-large has-custom-border is-style-rounded\"><img loading=\"lazy\" decoding=\"async\" width=\"1024\" height=\"683\" src=\"https:\/\/motivaciomuhely.hu\/wp-content\/uploads\/2025\/04\/slider_kep-1024x683.jpg\" alt=\"\" class=\"wp-image-750\" style=\"border-radius:24px\" srcset=\"https:\/\/motivaciomuhely.hu\/wp-content\/uploads\/2025\/04\/slider_kep-1024x683.jpg 1024w, https:\/\/motivaciomuhely.hu\/wp-content\/uploads\/2025\/04\/slider_kep-300x200.jpg 300w, https:\/\/motivaciomuhely.hu\/wp-content\/uploads\/2025\/04\/slider_kep-768x512.jpg 768w, https:\/\/motivaciomuhely.hu\/wp-content\/uploads\/2025\/04\/slider_kep-1536x1024.jpg 1536w, https:\/\/motivaciomuhely.hu\/wp-content\/uploads\/2025\/04\/slider_kep-18x12.jpg 18w, https:\/\/motivaciomuhely.hu\/wp-content\/uploads\/2025\/04\/slider_kep.jpg 2048w\" sizes=\"auto, (max-width: 1024px) 100vw, 1024px\" \/><\/figure>\n<\/div>\n<\/div>\n<\/div>\n\n\n\n<div class=\"wp-block-group mt-16 has-global-padding is-layout-constrained wp-block-group-is-layout-constrained\">\n<h2 class=\"wp-block-heading has-text-align-center\">What we do<\/h2>\n\n\n\n<div class=\"wp-block-columns alignwide gap-24 is-layout-flex wp-container-core-columns-is-layout-2 wp-block-columns-is-layout-flex\">\n<div class=\"h-[446px] wp-block-column relative rounded-xl is-layout-flow wp-block-column-is-layout-flow\" style=\"background: url('https:\/\/motivaciomuhely.hu\/wp-content\/uploads\/2025\/05\/pedagogia.jpg'); background-position: center; background-size: cover;\">\n\n\n<figure class=\"hidden wp-block-image size-full has-custom-border is-style-rounded\"><img loading=\"lazy\" decoding=\"async\" width=\"355\" height=\"533\" src=\"https:\/\/motivaciomuhely.hu\/wp-content\/uploads\/2025\/04\/fooldal_pedagogia-edited-1.jpg\" alt=\"\" class=\"w-full wp-image-784\" style=\"border-radius:10px;aspect-ratio:2\/3;object-fit:contain\" srcset=\"https:\/\/motivaciomuhely.hu\/wp-content\/uploads\/2025\/04\/fooldal_pedagogia-edited-1.jpg 355w, https:\/\/motivaciomuhely.hu\/wp-content\/uploads\/2025\/04\/fooldal_pedagogia-edited-1-200x300.jpg 200w, https:\/\/motivaciomuhely.hu\/wp-content\/uploads\/2025\/04\/fooldal_pedagogia-edited-1-8x12.jpg 8w\" sizes=\"auto, (max-width: 355px) 100vw, 355px\" \/><\/figure>\n\n\n\n<div class=\"wp-block-group box-border  absolute bottom-0 right-0 w-full p-8 has-global-padding is-layout-constrained wp-block-group-is-layout-constrained\">\n<p><a class=\"block w-full rounded-lg text-center text-2xl bg-[#E99308] hover:bg-[#d48503] px-3 py-4 text-white text-white transition-all moti-shadow no-underline\" href=\"https:\/\/motivaciomuhely.hu\/en\/pedagogia\/\" data-type=\"page\" data-id=\"226\">Education<\/a><\/p>\n<\/div>\n<\/div>\n\n\n\n<div class=\"wp-block-column relative rounded-xl is-layout-flow wp-block-column-is-layout-flow\" style=\"background: url('https:\/\/motivaciomuhely.hu\/wp-content\/uploads\/2025\/05\/kozossegfejlesztes.jpg'); background-position: center; background-size: cover;\">\n\n\n<div class=\"wp-block-group box-border  absolute bottom-0 right-0 w-full p-8 has-global-padding is-layout-constrained wp-block-group-is-layout-constrained\">\n<p><a class=\"block w-full rounded-lg text-center text-2xl bg-[#E99308] hover:bg-[#d48503] px-3 py-4 text-white text-white transition-all moti-shadow no-underline\" href=\"https:\/\/motivaciomuhely.hu\/en\/kozossegfejlesztes\/\" data-type=\"page\" data-id=\"226\">Community building<\/a><\/p>\n<\/div>\n<\/div>\n\n\n\n<div class=\"wp-block-column relative rounded-xl is-layout-flow wp-block-column-is-layout-flow\" style=\"background: url('https:\/\/motivaciomuhely.hu\/wp-content\/uploads\/2025\/05\/szolgaltatasaink.jpg'); background-position: center; background-size: cover;\">\n\n\n<div class=\"wp-block-group box-border  absolute bottom-0 right-0 w-full p-8 has-global-padding is-layout-constrained wp-block-group-is-layout-constrained\">\n<p><a class=\"block w-full rounded-lg text-center text-2xl bg-[#E99308] hover:bg-[#d48503] px-3 py-4 text-white text-white transition-all moti-shadow no-underline\" href=\"https:\/\/motivaciomuhely.hu\/en\/szolgaltatasaink\/\" data-type=\"page\" data-id=\"226\">Services<\/a><\/p>\n<\/div>\n<\/div>\n<\/div>\n<\/div>\n\n\n\n<div class=\"wp-block-group bg-c4 py-32 mt-16 is-layout-flow wp-block-group-is-layout-flow\">\n<div class=\"wp-block-group is-content-justification-center is-layout-flex wp-container-core-group-is-layout-10 wp-block-group-is-layout-flex\">\n<div class=\"wp-block-group has-global-padding is-layout-constrained wp-block-group-is-layout-constrained\">\n<figure class=\"wp-block-image size-full has-custom-border is-style-rounded\"><img loading=\"lazy\" decoding=\"async\" width=\"2048\" height=\"1365\" src=\"https:\/\/motivaciomuhely.hu\/wp-content\/uploads\/2025\/04\/kuldetesunk_kep-1.jpg\" alt=\"\" class=\"wp-image-849\" style=\"border-radius:15px\" srcset=\"https:\/\/motivaciomuhely.hu\/wp-content\/uploads\/2025\/04\/kuldetesunk_kep-1.jpg 2048w, https:\/\/motivaciomuhely.hu\/wp-content\/uploads\/2025\/04\/kuldetesunk_kep-1-300x200.jpg 300w, https:\/\/motivaciomuhely.hu\/wp-content\/uploads\/2025\/04\/kuldetesunk_kep-1-1024x683.jpg 1024w, https:\/\/motivaciomuhely.hu\/wp-content\/uploads\/2025\/04\/kuldetesunk_kep-1-768x512.jpg 768w, https:\/\/motivaciomuhely.hu\/wp-content\/uploads\/2025\/04\/kuldetesunk_kep-1-1536x1024.jpg 1536w, https:\/\/motivaciomuhely.hu\/wp-content\/uploads\/2025\/04\/kuldetesunk_kep-1-18x12.jpg 18w\" sizes=\"auto, (max-width: 2048px) 100vw, 2048px\" \/><\/figure>\n\n\n\n<img decoding=\"async\" src=\"https:\/\/motivaciomuhely.hu\/wp-content\/uploads\/2025\/04\/Untitled-2025-03-31-13241.png\" alt=\"\" class=\"hidden md:block absolute bottom-[-80px] left-[-110px] w-[300px]\"\/>\n<\/div>\n\n\n\n<div class=\"wp-block-group has-global-padding is-layout-constrained wp-block-group-is-layout-constrained\">\n<h2 class=\"wp-block-heading has-white-color has-text-color has-link-color wp-elements-2f6bb0d8ca4e0cde8cbcc54a1ba63513\">OUR MISSION<\/h2>\n\n\n\n<p class=\"has-white-color has-text-color has-link-color wp-elements-4c79ae0b11c017c24c1f63c8b3ad57ab\">We envision a society where people actively work for the common good,<br>take responsibility for improving their communities, and stand<br>in solidarity with those in need\u2014especially<br>children and young people.<\/p>\n\n\n\n<div class=\"wp-block-group mt-16 has-global-padding is-layout-constrained wp-block-group-is-layout-constrained\">\n<p class=\"m-0\"><a class=\"rounded-lg text-center bg-[#E99308] hover:bg-[#d48503] px-3 py-4 text-white text-white transition-all moti-shadow no-underline\" href=\"https:\/\/cause.lundadonate.org\/motivaciomuhely\/tamogass\" data-type=\"page\" data-id=\"226\" target=\"_blank\">Support our mission<\/a><\/p>\n<\/div>\n<\/div>\n<\/div>\n<\/div>\n\n\n\n<div class=\"wp-block-group mt-16 has-global-padding is-layout-constrained wp-block-group-is-layout-constrained\">\n<div class=\"wp-block-group alignwide is-content-justification-center is-layout-flex wp-container-core-group-is-layout-15 wp-block-group-is-layout-flex\">\n<div class=\"wp-block-group alignwide has-global-padding is-layout-constrained wp-block-group-is-layout-constrained\">\n<h2 class=\"wp-block-heading\">JOIN OUR<br>COMMUNITY<\/h2>\n\n\n\n<p>Stay connected and receive updates<br>about our latest news and events.<\/p>\n\n\n\n<div class=\"wp-block-group mt-16 has-global-padding is-layout-constrained wp-block-group-is-layout-constrained\">\n<p><a class=\"rounded bg-[#058c89] hover:bg-[#026e6b] moti-shadow transition-all px-3 py-4 text-white text-white no-underline\" href=\"https:\/\/actionnetwork.org\/forms\/motivacio-muhely-hirlevel\" target=\"_blank\" data-type=\"page\" data-id=\"226\">Subscribe to our newsletter<\/a><\/p>\n<\/div>\n<\/div>\n\n\n\n<div class=\"mt-12 md:mt-0 wp-block-group rounded-xl overflow-hidden w-[710px] is-layout-flow wp-block-group-is-layout-flow\">\n<figure class=\"wp-block-embed is-type-video is-provider-youtube wp-block-embed-youtube wp-embed-aspect-16-9 wp-has-aspect-ratio\"><div class=\"wp-block-embed__wrapper\">\n<iframe loading=\"lazy\" title=\"Motiv\u00e1ci\u00f3 M\u0171hely: Egy sz\u00f3ban\" width=\"500\" height=\"281\" src=\"https:\/\/www.youtube.com\/embed\/jU2vMOY9P0s?feature=oembed\" frameborder=\"0\" allow=\"accelerometer; autoplay; clipboard-write; encrypted-media; gyroscope; picture-in-picture; web-share\" referrerpolicy=\"strict-origin-when-cross-origin\" allowfullscreen><\/iframe>\n<\/div><\/figure>\n<\/div>\n<\/div>\n\n\n\n<div class=\"wp-block-columns alignwide is-layout-flex wp-container-core-columns-is-layout-3 wp-block-columns-is-layout-flex\">\n<div class=\"wp-block-column relative is-layout-flow wp-block-column-is-layout-flow\" style=\"flex-basis:33.33%\"><\/div>\n\n\n\n<div class=\"wp-block-column is-layout-flow wp-block-column-is-layout-flow\" style=\"flex-basis:66.66%\"><\/div>\n<\/div>\n<\/div>\n\n\n\n<p><\/p>","protected":false},"excerpt":{"rendered":"<p>A Motiv\u00e1ci\u00f3 M\u00fchely egy<br \/>a community<br \/>tagjaik\u00e9nt egy solid\u00e1ris,<br \/>shaped by solidarity,<br \/>m\u00fck\u00f6d\u00f6, igazs\u00e1gos<br \/>sustainability, and fairness.<\/p>","protected":false},"author":1,"featured_media":0,"parent":0,"menu_order":0,"comment_status":"closed","ping_status":"closed","template":"","meta":{"footnotes":""},"class_list":["post-146","page","type-page","status-publish","hentry"],"_links":{"self":[{"href":"https:\/\/motivaciomuhely.hu\/en\/wp-json\/wp\/v2\/pages\/146","targetHints":{"allow":["GET"]}}],"collection":[{"href":"https:\/\/motivaciomuhely.hu\/en\/wp-json\/wp\/v2\/pages"}],"about":[{"href":"https:\/\/motivaciomuhely.hu\/en\/wp-json\/wp\/v2\/types\/page"}],"author":[{"embeddable":true,"href":"https:\/\/motivaciomuhely.hu\/en\/wp-json\/wp\/v2\/users\/1"}],"replies":[{"embeddable":true,"href":"https:\/\/motivaciomuhely.hu\/en\/wp-json\/wp\/v2\/comments?post=146"}],"version-history":[{"count":205,"href":"https:\/\/motivaciomuhely.hu\/en\/wp-json\/wp\/v2\/pages\/146\/revisions"}],"predecessor-version":[{"id":975,"href":"https:\/\/motivaciomuhely.hu\/en\/wp-json\/wp\/v2\/pages\/146\/revisions\/975"}],"wp:attachment":[{"href":"https:\/\/motivaciomuhely.hu\/en\/wp-json\/wp\/v2\/media?parent=146"}],"curies":[{"name":"wp","href":"https:\/\/api.w.org\/{rel}","templated":true}]}}