{"id":16,"date":"2024-05-17T19:10:05","date_gmt":"2024-05-17T17:10:05","guid":{"rendered":"https:\/\/motivaciomuhely.hu\/?page_id=16"},"modified":"2026-03-03T21:34:35","modified_gmt":"2026-03-03T20:34:35","slug":"tanodai-onkentesseg","status":"publish","type":"page","link":"https:\/\/motivaciomuhely.hu\/en\/tanodai-onkentesseg\/","title":{"rendered":"Volunteering in our after-school programs"},"content":{"rendered":"<p class=\"has-custom-sz-n-2-color has-text-color has-link-color has-large-font-size wp-elements-cf602da64be1f6f9f7fb5c4d5a917d9b\">A jelentkez\u00e9si id\u0151szak lez\u00e1rult. T\u00e9rj vissza 2026 szeptember\u00e9ben! <\/p>\n\n\n\n<p>Motivation Collective brings people together to work toward a more supportive, open, sustainable, and just society, as well as a healthier environment.<\/p>\n\n\n\n<p>In our two after-school programs, we support disadvantaged children and youth facing social and economic challenges. Our sessions place special emphasis on reading comprehension, the development of math skills, career guidance, environmental awareness, and sexual health education.&nbsp;<\/p>\n\n\n\n<p>Become a volunteer mentor and support the young people in our programs.<\/p>\n\n\n\n<p><strong>Application deadline:<\/strong> February 27, 2026<\/p>\n\n\n\n<hr class=\"wp-block-separator has-text-color has-custom-sz-n-2-color has-alpha-channel-opacity has-custom-sz-n-2-background-color has-background is-style-wide\" style=\"margin-top:var(--wp--preset--spacing--30);margin-bottom:var(--wp--preset--spacing--30)\"\/>\n\n\n\n<p><strong>What we offer<\/strong><\/p>\n\n\n\n<p>\u2013 Up to <strong>120 hours of free training<\/strong> (practice-oriented and useful knowledge)<\/p>\n\n\n\n<p>\u2013 Professional guidance throughout your mentoring work<\/p>\n\n\n\n<p>\u2013 The opportunity to work with children and grow both personally and professionally<\/p>\n\n\n\n<p>\u2013 A valuable reference for your CV<\/p>\n\n\n\n<p>\u2013 A supportive and motivated community<\/p>\n\n\n\n<p>\u2013 A rewarding personal and community experience<\/p>\n\n\n\n<p><strong>What we expect from you<\/strong><\/p>\n\n\n\n<p>\u2013 Availability on one afternoon per week<\/p>\n\n\n\n<p>\u2013 Attendance at two introductory training sessions (to prepare you for mentoring)<\/p>\n\n\n\n<p>\u2013 Reliability and openness<\/p>\n\n\n\n<p>\u2013 Commitment to the young people you mentor and to the community<\/p>\n\n\n\n<hr class=\"wp-block-separator has-text-color has-custom-sz-n-2-color has-alpha-channel-opacity has-custom-sz-n-2-background-color has-background is-style-wide\" style=\"margin-top:var(--wp--preset--spacing--30);margin-bottom:var(--wp--preset--spacing--30)\"\/>\n\n\n\n<p class=\"has-custom-sz-n-2-color has-text-color has-link-color wp-elements-3a305d086e1e2df93b61e2dea4236630\"><strong>Key dates (participation required)<\/strong><\/p>\n\n\n\n<p><strong>Social Integration and Equitable Education \u2014 Supporting Inclusive Education<\/strong><\/p>\n\n\n\n<p>March 6\u20138, 2026<\/p>\n\n\n\n<p><strong>Reading Culture and Reading Comprehension Development<\/strong><\/p>\n\n\n\n<p>March 28\u201329, 2026<\/p>\n\n\n\n<p><strong>First Team-Building Meeting<\/strong><\/p>\n\n\n\n<p>March 9, 2026 \u2014 6:00 PM<\/p>\n\n\n\n<hr class=\"wp-block-separator has-text-color has-custom-sz-n-2-color has-alpha-channel-opacity has-custom-sz-n-2-background-color has-background is-style-wide\" style=\"margin-top:var(--wp--preset--spacing--30);margin-bottom:var(--wp--preset--spacing--30)\"\/>\n\n\n\n<p><strong>How to apply<\/strong><\/p>\n\n\n\n<p>(1) Complete the CV form available at the bottom of the page (in Hungarian; please include a photo).<\/p>\n\n\n\n<p>(2) Send it to <a href=\"mailto:mutier.uszama@motivaciomuhely.hu\">mutier.uszama@motivaciomuhely.hu<\/a> c\u00edmre!<\/p>\n\n\n\n<p>(3) Attend a personal interview so we can get to know each other.<\/p>\n\n\n\n<p>Before the interview, we will provide detailed information about the tasks ahead and the possible forms of mentoring work in a short presentation. During the interview, we will ask about your motivation and experience and discuss how we can work together.<\/p>\n\n\n\n<p><a href=\"https:\/\/motivaciomuhely.hu\/wp-content\/uploads\/2026\/01\/CV_2026.doc\" target=\"_blank\" rel=\"noreferrer noopener\">Download the CV template here (in Hungarian).<\/a><\/p>\n\n\n\n<hr class=\"wp-block-separator has-text-color has-custom-sz-n-2-color has-alpha-channel-opacity has-custom-sz-n-2-background-color has-background is-style-wide\" style=\"margin-top:var(--wp--preset--spacing--30);margin-bottom:var(--wp--preset--spacing--30)\"\/>\n\n\n\n<figure class=\"wp-block-embed aligncenter is-type-video is-provider-youtube wp-block-embed-youtube wp-embed-aspect-16-9 wp-has-aspect-ratio\"><div class=\"wp-block-embed__wrapper\">\n<iframe loading=\"lazy\" title=\"Motiv\u00e1ci\u00f3 M\u0171hely: Egy sz\u00f3ban\" width=\"500\" height=\"281\" src=\"https:\/\/www.youtube.com\/embed\/jU2vMOY9P0s?feature=oembed\" frameborder=\"0\" allow=\"accelerometer; autoplay; clipboard-write; encrypted-media; gyroscope; picture-in-picture; web-share\" referrerpolicy=\"strict-origin-when-cross-origin\" allowfullscreen><\/iframe>\n<\/div><\/figure>","protected":false},"excerpt":{"rendered":"<p>A jelentkez\u00e9si id\u0151szak lez\u00e1rult. T\u00e9rj vissza 2026 szeptember\u00e9ben! A Motiv\u00e1ci\u00f3 M\u0171hely egy olyan k\u00f6z\u00f6ss\u00e9g, amelynek tagjaik\u00e9nt egy szolid\u00e1ris, nyitott, fenntarthat\u00f3an m\u0171k\u00f6d\u0151, igazs\u00e1gos t\u00e1rsadalom\u00e9rt \u00e9s egy \u00e9lhet\u0151bb k\u00f6rnyezet\u00e9rt dolgozunk. K\u00e9t tanod\u00e1nkban t\u00e1mogatjuk azokat a neh\u00e9z sors\u00fa gyereket, fiatalokat, akiknek t\u00e1rsadalmi \u00e9s anyagi k\u00f6r\u00fclm\u00e9nyeik megnehez\u00edtik az \u00e9letben val\u00f3 boldogul\u00e1sukat. Foglalkoz\u00e1sainkon kiemelt figyelmet ford\u00edtunk a sz\u00f6veg\u00e9rt\u00e9sre, a matematikai&#8230;<\/p>","protected":false},"author":1,"featured_media":0,"parent":0,"menu_order":0,"comment_status":"closed","ping_status":"closed","template":"","meta":{"footnotes":""},"class_list":["post-16","page","type-page","status-publish","hentry"],"_links":{"self":[{"href":"https:\/\/motivaciomuhely.hu\/en\/wp-json\/wp\/v2\/pages\/16","targetHints":{"allow":["GET"]}}],"collection":[{"href":"https:\/\/motivaciomuhely.hu\/en\/wp-json\/wp\/v2\/pages"}],"about":[{"href":"https:\/\/motivaciomuhely.hu\/en\/wp-json\/wp\/v2\/types\/page"}],"author":[{"embeddable":true,"href":"https:\/\/motivaciomuhely.hu\/en\/wp-json\/wp\/v2\/users\/1"}],"replies":[{"embeddable":true,"href":"https:\/\/motivaciomuhely.hu\/en\/wp-json\/wp\/v2\/comments?post=16"}],"version-history":[{"count":38,"href":"https:\/\/motivaciomuhely.hu\/en\/wp-json\/wp\/v2\/pages\/16\/revisions"}],"predecessor-version":[{"id":1412,"href":"https:\/\/motivaciomuhely.hu\/en\/wp-json\/wp\/v2\/pages\/16\/revisions\/1412"}],"wp:attachment":[{"href":"https:\/\/motivaciomuhely.hu\/en\/wp-json\/wp\/v2\/media?parent=16"}],"curies":[{"name":"wp","href":"https:\/\/api.w.org\/{rel}","templated":true}]}}