{"id":20,"date":"2024-05-17T19:11:00","date_gmt":"2024-05-17T17:11:00","guid":{"rendered":"https:\/\/motivaciomuhely.hu\/?page_id=20"},"modified":"2025-03-10T15:47:27","modified_gmt":"2025-03-10T14:47:27","slug":"pedagogia","status":"publish","type":"page","link":"https:\/\/motivaciomuhely.hu\/en\/pedagogia\/","title":{"rendered":"Education"},"content":{"rendered":"<p class=\"text-justify\">Supporting disadvantaged children and youth is at the core of Motivation Collective\u2019s educational work. Through our after-school programs in Szeged and Bal\u00e1stya, we provide personalized mentoring, structured academic support, and skill development in a safe, supportive environment beyond regular school hours. Students learn in small groups led by dedicated mentor teachers and trained volunteers, with individual tutoring available when needed to build trusting relationships and foster engagement, resilience, and long-term success. Our goal is to strengthen students\u2019 personal and social skills, support their academic achievement, and help them reach their full potential.<\/p>\n\n\n\n<p class=\"text-justify\">We develop and apply innovative teaching methods that respond to today\u2019s educational challenges. Our approaches strengthen reading comprehension and math skills alongside critical thinking, collaboration, and creative problem-solving.<\/p>\n\n\n\n<p class=\"text-justify\">We also provide professional support for teachers, pre-service teachers, and helping professionals, equipping them with tools to address educational disadvantage and promote inclusive education. Through our research, we develop solutions to reduce social inequalities and advance equity at all levels of education.<\/p>\n\n\n\n<p class=\"text-justify\">Climate education and environmental sustainability are integral to our pedagogical work. We believe that education can help shape a more responsible and cooperative future. Through our programs, we empower both children and the professionals who work with them to become active, engaged members of society.<\/p>\n\n\n\n<figure class=\"wp-block-gallery has-nested-images columns-default is-cropped wp-block-gallery-1 is-layout-flex wp-block-gallery-is-layout-flex\">\n<figure class=\"wp-block-image size-large\"><img loading=\"lazy\" decoding=\"async\" width=\"799\" height=\"533\" data-id=\"586\" src=\"https:\/\/motivaciomuhely.hu\/wp-content\/uploads\/2025\/03\/51889870928_d492a4a58a_c.jpg\" alt=\"\" class=\"wp-image-586\" srcset=\"https:\/\/motivaciomuhely.hu\/wp-content\/uploads\/2025\/03\/51889870928_d492a4a58a_c.jpg 799w, https:\/\/motivaciomuhely.hu\/wp-content\/uploads\/2025\/03\/51889870928_d492a4a58a_c-300x200.jpg 300w, https:\/\/motivaciomuhely.hu\/wp-content\/uploads\/2025\/03\/51889870928_d492a4a58a_c-768x512.jpg 768w, https:\/\/motivaciomuhely.hu\/wp-content\/uploads\/2025\/03\/51889870928_d492a4a58a_c-18x12.jpg 18w\" sizes=\"auto, (max-width: 799px) 100vw, 799px\" \/><\/figure>\n\n\n\n<figure class=\"wp-block-image size-large\"><img loading=\"lazy\" decoding=\"async\" width=\"799\" height=\"533\" data-id=\"591\" src=\"https:\/\/motivaciomuhely.hu\/wp-content\/uploads\/2025\/03\/54292035272_f8f20dc930_c.jpg\" alt=\"\" class=\"wp-image-591\" srcset=\"https:\/\/motivaciomuhely.hu\/wp-content\/uploads\/2025\/03\/54292035272_f8f20dc930_c.jpg 799w, https:\/\/motivaciomuhely.hu\/wp-content\/uploads\/2025\/03\/54292035272_f8f20dc930_c-300x200.jpg 300w, https:\/\/motivaciomuhely.hu\/wp-content\/uploads\/2025\/03\/54292035272_f8f20dc930_c-768x512.jpg 768w, https:\/\/motivaciomuhely.hu\/wp-content\/uploads\/2025\/03\/54292035272_f8f20dc930_c-18x12.jpg 18w\" sizes=\"auto, (max-width: 799px) 100vw, 799px\" \/><\/figure>\n\n\n\n<figure class=\"wp-block-image size-large\"><img loading=\"lazy\" decoding=\"async\" width=\"799\" height=\"533\" data-id=\"589\" src=\"https:\/\/motivaciomuhely.hu\/wp-content\/uploads\/2025\/03\/54292038032_c2ea5b36d2_c.jpg\" alt=\"\" class=\"wp-image-589\" srcset=\"https:\/\/motivaciomuhely.hu\/wp-content\/uploads\/2025\/03\/54292038032_c2ea5b36d2_c.jpg 799w, https:\/\/motivaciomuhely.hu\/wp-content\/uploads\/2025\/03\/54292038032_c2ea5b36d2_c-300x200.jpg 300w, https:\/\/motivaciomuhely.hu\/wp-content\/uploads\/2025\/03\/54292038032_c2ea5b36d2_c-768x512.jpg 768w, https:\/\/motivaciomuhely.hu\/wp-content\/uploads\/2025\/03\/54292038032_c2ea5b36d2_c-18x12.jpg 18w\" sizes=\"auto, (max-width: 799px) 100vw, 799px\" \/><\/figure>\n\n\n\n<figure class=\"wp-block-image size-large\"><img loading=\"lazy\" decoding=\"async\" width=\"799\" height=\"533\" data-id=\"592\" src=\"https:\/\/motivaciomuhely.hu\/wp-content\/uploads\/2025\/03\/54292913081_3765a0689a_c.jpg\" alt=\"\" class=\"wp-image-592\" srcset=\"https:\/\/motivaciomuhely.hu\/wp-content\/uploads\/2025\/03\/54292913081_3765a0689a_c.jpg 799w, https:\/\/motivaciomuhely.hu\/wp-content\/uploads\/2025\/03\/54292913081_3765a0689a_c-300x200.jpg 300w, https:\/\/motivaciomuhely.hu\/wp-content\/uploads\/2025\/03\/54292913081_3765a0689a_c-768x512.jpg 768w, https:\/\/motivaciomuhely.hu\/wp-content\/uploads\/2025\/03\/54292913081_3765a0689a_c-18x12.jpg 18w\" sizes=\"auto, (max-width: 799px) 100vw, 799px\" \/><\/figure>\n\n\n\n<figure class=\"wp-block-image size-large\"><img loading=\"lazy\" decoding=\"async\" width=\"799\" height=\"533\" data-id=\"595\" src=\"https:\/\/motivaciomuhely.hu\/wp-content\/uploads\/2025\/03\/54293341245_9cbdcef343_c.jpg\" alt=\"\" class=\"wp-image-595\" srcset=\"https:\/\/motivaciomuhely.hu\/wp-content\/uploads\/2025\/03\/54293341245_9cbdcef343_c.jpg 799w, https:\/\/motivaciomuhely.hu\/wp-content\/uploads\/2025\/03\/54293341245_9cbdcef343_c-300x200.jpg 300w, https:\/\/motivaciomuhely.hu\/wp-content\/uploads\/2025\/03\/54293341245_9cbdcef343_c-768x512.jpg 768w, https:\/\/motivaciomuhely.hu\/wp-content\/uploads\/2025\/03\/54293341245_9cbdcef343_c-18x12.jpg 18w\" sizes=\"auto, (max-width: 799px) 100vw, 799px\" \/><\/figure>\n\n\n\n<figure class=\"wp-block-image size-large\"><img loading=\"lazy\" decoding=\"async\" width=\"799\" height=\"533\" data-id=\"590\" src=\"https:\/\/motivaciomuhely.hu\/wp-content\/uploads\/2025\/03\/51954689311_f843a2cdfd_c.jpg\" alt=\"\" class=\"wp-image-590\" srcset=\"https:\/\/motivaciomuhely.hu\/wp-content\/uploads\/2025\/03\/51954689311_f843a2cdfd_c.jpg 799w, https:\/\/motivaciomuhely.hu\/wp-content\/uploads\/2025\/03\/51954689311_f843a2cdfd_c-300x200.jpg 300w, https:\/\/motivaciomuhely.hu\/wp-content\/uploads\/2025\/03\/51954689311_f843a2cdfd_c-768x512.jpg 768w, https:\/\/motivaciomuhely.hu\/wp-content\/uploads\/2025\/03\/51954689311_f843a2cdfd_c-18x12.jpg 18w\" sizes=\"auto, (max-width: 799px) 100vw, 799px\" \/><\/figure>\n\n\n\n<figure class=\"wp-block-image size-large\"><img loading=\"lazy\" decoding=\"async\" width=\"799\" height=\"533\" data-id=\"596\" src=\"https:\/\/motivaciomuhely.hu\/wp-content\/uploads\/2025\/03\/54293167738_21cc7c617b_c.jpg\" alt=\"\" class=\"wp-image-596\" srcset=\"https:\/\/motivaciomuhely.hu\/wp-content\/uploads\/2025\/03\/54293167738_21cc7c617b_c.jpg 799w, https:\/\/motivaciomuhely.hu\/wp-content\/uploads\/2025\/03\/54293167738_21cc7c617b_c-300x200.jpg 300w, https:\/\/motivaciomuhely.hu\/wp-content\/uploads\/2025\/03\/54293167738_21cc7c617b_c-768x512.jpg 768w, https:\/\/motivaciomuhely.hu\/wp-content\/uploads\/2025\/03\/54293167738_21cc7c617b_c-18x12.jpg 18w\" sizes=\"auto, (max-width: 799px) 100vw, 799px\" \/><\/figure>\n\n\n\n<figure class=\"wp-block-image size-large\"><img loading=\"lazy\" decoding=\"async\" width=\"799\" height=\"533\" data-id=\"594\" src=\"https:\/\/motivaciomuhely.hu\/wp-content\/uploads\/2025\/03\/54293344965_fc47207cc1_c.jpg\" alt=\"\" class=\"wp-image-594\" srcset=\"https:\/\/motivaciomuhely.hu\/wp-content\/uploads\/2025\/03\/54293344965_fc47207cc1_c.jpg 799w, https:\/\/motivaciomuhely.hu\/wp-content\/uploads\/2025\/03\/54293344965_fc47207cc1_c-300x200.jpg 300w, https:\/\/motivaciomuhely.hu\/wp-content\/uploads\/2025\/03\/54293344965_fc47207cc1_c-768x512.jpg 768w, https:\/\/motivaciomuhely.hu\/wp-content\/uploads\/2025\/03\/54293344965_fc47207cc1_c-18x12.jpg 18w\" sizes=\"auto, (max-width: 799px) 100vw, 799px\" \/><\/figure>\n\n\n\n<figure class=\"wp-block-image size-large\"><img loading=\"lazy\" decoding=\"async\" width=\"799\" height=\"533\" data-id=\"593\" src=\"https:\/\/motivaciomuhely.hu\/wp-content\/uploads\/2025\/03\/54292031667_905a7e8493_c.jpg\" alt=\"\" class=\"wp-image-593\" srcset=\"https:\/\/motivaciomuhely.hu\/wp-content\/uploads\/2025\/03\/54292031667_905a7e8493_c.jpg 799w, https:\/\/motivaciomuhely.hu\/wp-content\/uploads\/2025\/03\/54292031667_905a7e8493_c-300x200.jpg 300w, https:\/\/motivaciomuhely.hu\/wp-content\/uploads\/2025\/03\/54292031667_905a7e8493_c-768x512.jpg 768w, https:\/\/motivaciomuhely.hu\/wp-content\/uploads\/2025\/03\/54292031667_905a7e8493_c-18x12.jpg 18w\" sizes=\"auto, (max-width: 799px) 100vw, 799px\" \/><\/figure>\n<\/figure>\n\n\n\n<h2 class=\"wp-block-heading\"><\/h2>\n\n\n\n<p><\/p>","protected":false},"excerpt":{"rendered":"<p>A Motiv\u00e1ci\u00f3 M\u0171hely pedag\u00f3giai tev\u00e9kenys\u00e9geinek k\u00f6z\u00e9ppontj\u00e1ban a h\u00e1tr\u00e1nyos helyzet\u0171 gyermekek \u00e9s fiatalok t\u00e1mogat\u00e1sa \u00e1ll, akik sz\u00e1m\u00e1ra szem\u00e9lyre szabott mentor\u00e1l\u00e1si programokat ny\u00fajtunk szegedi \u00e9s bal\u00e1styai tanod\u00e1inkban. C\u00e9lunk a tanul\u00f3k szem\u00e9lyes \u00e9s szoci\u00e1lis kompetenci\u00e1inak fejleszt\u00e9se, iskolai sikeress\u00e9g\u00fck el\u0151seg\u00edt\u00e9se \u00e9s tehets\u00e9g\u00fck kibontakoztat\u00e1sa. Programjainkban innovat\u00edv pedag\u00f3giai m\u00f3dszereket dolgozunk ki \u00e9s alkalmazunk, melyek v\u00e1laszt adnak az oktat\u00e1s jelenkori kih\u00edv\u00e1saira. M\u00f3dszertani&#8230;<\/p>","protected":false},"author":1,"featured_media":0,"parent":0,"menu_order":0,"comment_status":"closed","ping_status":"closed","template":"","meta":{"footnotes":""},"class_list":["post-20","page","type-page","status-publish","hentry"],"_links":{"self":[{"href":"https:\/\/motivaciomuhely.hu\/en\/wp-json\/wp\/v2\/pages\/20","targetHints":{"allow":["GET"]}}],"collection":[{"href":"https:\/\/motivaciomuhely.hu\/en\/wp-json\/wp\/v2\/pages"}],"about":[{"href":"https:\/\/motivaciomuhely.hu\/en\/wp-json\/wp\/v2\/types\/page"}],"author":[{"embeddable":true,"href":"https:\/\/motivaciomuhely.hu\/en\/wp-json\/wp\/v2\/users\/1"}],"replies":[{"embeddable":true,"href":"https:\/\/motivaciomuhely.hu\/en\/wp-json\/wp\/v2\/comments?post=20"}],"version-history":[{"count":5,"href":"https:\/\/motivaciomuhely.hu\/en\/wp-json\/wp\/v2\/pages\/20\/revisions"}],"predecessor-version":[{"id":597,"href":"https:\/\/motivaciomuhely.hu\/en\/wp-json\/wp\/v2\/pages\/20\/revisions\/597"}],"wp:attachment":[{"href":"https:\/\/motivaciomuhely.hu\/en\/wp-json\/wp\/v2\/media?parent=20"}],"curies":[{"name":"wp","href":"https:\/\/api.w.org\/{rel}","templated":true}]}}