{"id":22,"date":"2024-05-17T19:11:14","date_gmt":"2024-05-17T17:11:14","guid":{"rendered":"https:\/\/motivaciomuhely.hu\/?page_id=22"},"modified":"2026-04-10T14:41:49","modified_gmt":"2026-04-10T12:41:49","slug":"kozossegfejlesztes","status":"publish","type":"page","link":"https:\/\/motivaciomuhely.hu\/en\/kozossegfejlesztes\/","title":{"rendered":"Community building"},"content":{"rendered":"<p class=\"text-justify\">Community building is a key pillar of Motivation Collective\u2019s work. We support the development of active, supportive, and sustainable communities at local and regional levels, with a strong emphasis on social inclusion, equal opportunities, participatory approaches, and active citizenship.<\/p>\n\n\n\n<p class=\"text-justify\">We seek to make a positive impact on our immediate environment and our city by contributing to a more livable and welcoming Szeged, while intentionally strengthening the Motivation Collective community. We launch initiatives that foster a sense of belonging and shared responsibility, and we operate a community space where we host events and actions that promote social dialogue and environmentally conscious thinking and action.<\/p>\n\n\n\n<p class=\"text-justify\">Environmental and social sustainability are integral to our work. Our programs\u2014including permaculture-based community gardening, climate change awareness activities, and games that promote a green mindset\u2014encourage participants to take action while offering new perspectives on climate consciousness.<\/p>\n\n\n\n<p class=\"text-justify\">Through our partnerships, we support local communities, strengthen their capacities, and actively seek international opportunities for exchange and sharing good practices. We believe that strong communities are essential for achieving meaningful social change, and that by working together toward shared goals, we can contribute to a more just and livable world.<\/p>\n\n\n\n<figure class=\"wp-block-gallery has-nested-images columns-default is-cropped wp-block-gallery-1 is-layout-flex wp-block-gallery-is-layout-flex\">\n<figure class=\"wp-block-image size-large\"><img loading=\"lazy\" decoding=\"async\" width=\"799\" height=\"533\" data-id=\"625\" src=\"https:\/\/motivaciomuhely.hu\/wp-content\/uploads\/2025\/03\/54163159321_7bd481b55c_c.jpg\" alt=\"\" class=\"wp-image-625\" srcset=\"https:\/\/motivaciomuhely.hu\/wp-content\/uploads\/2025\/03\/54163159321_7bd481b55c_c.jpg 799w, https:\/\/motivaciomuhely.hu\/wp-content\/uploads\/2025\/03\/54163159321_7bd481b55c_c-300x200.jpg 300w, https:\/\/motivaciomuhely.hu\/wp-content\/uploads\/2025\/03\/54163159321_7bd481b55c_c-768x512.jpg 768w, https:\/\/motivaciomuhely.hu\/wp-content\/uploads\/2025\/03\/54163159321_7bd481b55c_c-18x12.jpg 18w\" sizes=\"auto, (max-width: 799px) 100vw, 799px\" \/><\/figure>\n\n\n\n<figure class=\"wp-block-image size-large\"><img loading=\"lazy\" decoding=\"async\" width=\"799\" height=\"533\" data-id=\"627\" src=\"https:\/\/motivaciomuhely.hu\/wp-content\/uploads\/2025\/03\/54218810503_a04f4611df_c.jpg\" alt=\"\" class=\"wp-image-627\" srcset=\"https:\/\/motivaciomuhely.hu\/wp-content\/uploads\/2025\/03\/54218810503_a04f4611df_c.jpg 799w, https:\/\/motivaciomuhely.hu\/wp-content\/uploads\/2025\/03\/54218810503_a04f4611df_c-300x200.jpg 300w, https:\/\/motivaciomuhely.hu\/wp-content\/uploads\/2025\/03\/54218810503_a04f4611df_c-768x512.jpg 768w, https:\/\/motivaciomuhely.hu\/wp-content\/uploads\/2025\/03\/54218810503_a04f4611df_c-18x12.jpg 18w\" sizes=\"auto, (max-width: 799px) 100vw, 799px\" \/><\/figure>\n\n\n\n<figure class=\"wp-block-image size-large\"><img loading=\"lazy\" decoding=\"async\" width=\"799\" height=\"533\" data-id=\"626\" src=\"https:\/\/motivaciomuhely.hu\/wp-content\/uploads\/2025\/03\/54377732560_3deaafbf64_c.jpg\" alt=\"\" class=\"wp-image-626\" srcset=\"https:\/\/motivaciomuhely.hu\/wp-content\/uploads\/2025\/03\/54377732560_3deaafbf64_c.jpg 799w, https:\/\/motivaciomuhely.hu\/wp-content\/uploads\/2025\/03\/54377732560_3deaafbf64_c-300x200.jpg 300w, https:\/\/motivaciomuhely.hu\/wp-content\/uploads\/2025\/03\/54377732560_3deaafbf64_c-768x512.jpg 768w, https:\/\/motivaciomuhely.hu\/wp-content\/uploads\/2025\/03\/54377732560_3deaafbf64_c-18x12.jpg 18w\" sizes=\"auto, (max-width: 799px) 100vw, 799px\" \/><\/figure>\n\n\n\n<figure class=\"wp-block-image size-large\"><img loading=\"lazy\" decoding=\"async\" width=\"799\" height=\"533\" data-id=\"629\" src=\"https:\/\/motivaciomuhely.hu\/wp-content\/uploads\/2025\/03\/53633762293_4f6b607c83_c.jpg\" alt=\"\" class=\"wp-image-629\" srcset=\"https:\/\/motivaciomuhely.hu\/wp-content\/uploads\/2025\/03\/53633762293_4f6b607c83_c.jpg 799w, https:\/\/motivaciomuhely.hu\/wp-content\/uploads\/2025\/03\/53633762293_4f6b607c83_c-300x200.jpg 300w, https:\/\/motivaciomuhely.hu\/wp-content\/uploads\/2025\/03\/53633762293_4f6b607c83_c-768x512.jpg 768w, https:\/\/motivaciomuhely.hu\/wp-content\/uploads\/2025\/03\/53633762293_4f6b607c83_c-18x12.jpg 18w\" sizes=\"auto, (max-width: 799px) 100vw, 799px\" \/><\/figure>\n\n\n\n<figure class=\"wp-block-image size-large\"><img loading=\"lazy\" decoding=\"async\" width=\"799\" height=\"533\" data-id=\"631\" src=\"https:\/\/motivaciomuhely.hu\/wp-content\/uploads\/2025\/03\/53707381623_4ceba8527c_c.jpg\" alt=\"\" class=\"wp-image-631\" srcset=\"https:\/\/motivaciomuhely.hu\/wp-content\/uploads\/2025\/03\/53707381623_4ceba8527c_c.jpg 799w, https:\/\/motivaciomuhely.hu\/wp-content\/uploads\/2025\/03\/53707381623_4ceba8527c_c-300x200.jpg 300w, https:\/\/motivaciomuhely.hu\/wp-content\/uploads\/2025\/03\/53707381623_4ceba8527c_c-768x512.jpg 768w, https:\/\/motivaciomuhely.hu\/wp-content\/uploads\/2025\/03\/53707381623_4ceba8527c_c-18x12.jpg 18w\" sizes=\"auto, (max-width: 799px) 100vw, 799px\" \/><\/figure>\n\n\n\n<figure class=\"wp-block-image size-large\"><img loading=\"lazy\" decoding=\"async\" width=\"799\" height=\"533\" data-id=\"630\" src=\"https:\/\/motivaciomuhely.hu\/wp-content\/uploads\/2025\/03\/54177802667_6b083d0272_c.jpg\" alt=\"\" class=\"wp-image-630\" srcset=\"https:\/\/motivaciomuhely.hu\/wp-content\/uploads\/2025\/03\/54177802667_6b083d0272_c.jpg 799w, https:\/\/motivaciomuhely.hu\/wp-content\/uploads\/2025\/03\/54177802667_6b083d0272_c-300x200.jpg 300w, https:\/\/motivaciomuhely.hu\/wp-content\/uploads\/2025\/03\/54177802667_6b083d0272_c-768x512.jpg 768w, https:\/\/motivaciomuhely.hu\/wp-content\/uploads\/2025\/03\/54177802667_6b083d0272_c-18x12.jpg 18w\" sizes=\"auto, (max-width: 799px) 100vw, 799px\" \/><\/figure>\n<\/figure>\n\n\n\n<hr class=\"wp-block-separator has-text-color has-custom-sz-n-2-color has-alpha-channel-opacity has-custom-sz-n-2-background-color has-background is-style-wide\"\/>\n\n\n\n<p class=\"has-large-font-size\"><strong>Motivation Community Space<\/strong><\/p>\n\n\n\n<p class=\"text-justify\">The Community Space is an inclusive venue that not only hosts Motivation Collective\u2019s programs but also provides infrastructure for other civil society organizations and informal groups. <\/p>\n\n\n\n<p class=\"text-justify\">Through the activities organized in the space, we aim to strengthen local communities while also responding to global challenges. These events and initiatives offer participants new perspectives and encourage them to take action to help shape the future of our society.<\/p>\n\n\n\n<p><\/p>\n\n\n\n<p class=\"text-justify\">Detailed information about using the space and the house rules can be found in the PDFs below (in Hungarian).<\/p>\n\n\n\n<div class=\"wp-block-buttons is-layout-flex wp-block-buttons-is-layout-flex\">\n<div class=\"wp-block-button has-custom-font-size has-medium-font-size\"><a class=\"wp-block-button__link wp-element-button\" href=\"https:\/\/motivaciomuhely.hu\/wp-content\/uploads\/2025\/03\/Motivacio-Kozossegi-Ter-Igenybevetel.pdf\" style=\"border-style:none;border-width:0px\" target=\"_blank\" rel=\"noreferrer noopener\"><strong>Guidelines<\/strong><\/a><\/div>\n\n\n\n<div class=\"wp-block-button has-custom-font-size has-medium-font-size\"><a class=\"wp-block-button__link wp-element-button\" href=\"https:\/\/motivaciomuhely.hu\/wp-content\/uploads\/2025\/05\/Kozossegi-ter_Hazirend.pdf\" style=\"border-style:none;border-width:0px\"><strong>House rules<\/strong><\/a><\/div>\n<\/div>\n\n\n\n<p class=\"Tov\u00e1bbi k\u00e9rd\u00e9sed van? has-large-font-size\"><strong>Have further questions? <\/strong><\/p>\n\n\n\n<p class=\"Keress minket a\u00a0kozossegiter@motivaciomuhely.hu\u00a0c\u00edmen, vagy +36 20 441 4719-es telefonsz\u00e1mon!\">Contact us at\u00a0<a href=\"mailto:kozossegiter@motivaciomuhely.hu\">kozossegiter@motivaciomuhely.hu<\/a>\u00a0or call us at +36 20 444 0008.<\/p>\n\n\n\n<p><\/p>\n\n\n\n<p><\/p>\n\n\n\n<p><\/p>\n\n\n\n<p><\/p>\n\n\n\n<div class=\"wp-block-buttons is-layout-flex wp-block-buttons-is-layout-flex\"><\/div>\n\n\n\n<p class=\"Szolg\u00e1ltat\u00e1sainkr\u00f3l a\u00a0kozossegiter@motivaciomuhely.hu\u00a0c\u00edmen, vagy +36 20 441 4719-es telefonsz\u00e1mon \u00e9rdekl\u0151dhetsz!\"><\/p>\n\n\n\n<p class=\"Szolg\u00e1ltat\u00e1sainkr\u00f3l a\u00a0kozossegiter@motivaciomuhely.hu\u00a0c\u00edmen, vagy +36 20 441 4719-es telefonsz\u00e1mon \u00e9rdekl\u0151dhetsz!\"><\/p>\n\n\n\n<p><\/p>\n\n\n\n<p><\/p>\n\n\n\n<p><\/p>\n\n\n\n<p><\/p>\n\n\n\n<p><\/p>\n\n\n\n<p><\/p>\n\n\n\n<p><\/p>\n\n\n\n<p><\/p>\n\n\n\n<p><\/p>\n\n\n\n<p><\/p>\n\n\n\n<p><\/p>\n\n\n\n<p><\/p>\n\n\n\n<p><\/p>\n\n\n\n<p><\/p>\n\n\n\n<p><\/p>\n\n\n\n<p><\/p>\n\n\n\n<p><\/p>\n\n\n\n<p><\/p>\n\n\n\n<p><\/p>\n\n\n\n<p><\/p>\n\n\n\n<p><\/p>","protected":false},"excerpt":{"rendered":"<p>A Motiv\u00e1ci\u00f3 M\u0171hely k\u00f6z\u00f6ss\u00e9gi f\u00f3kusz\u00fa tev\u00e9kenys\u00e9geinek c\u00e9lja, hogy helyi \u00e9s r\u00e9gi\u00f3s szinten is t\u00e1mogassa az akt\u00edv, szolid\u00e1ris \u00e9s fenntarthat\u00f3 k\u00f6z\u00f6ss\u00e9gek kialakul\u00e1s\u00e1t. Programjainkban nagy hangs\u00falyt fektet\u00fcnk a t\u00e1rsadalmi integr\u00e1ci\u00f3 el\u0151seg\u00edt\u00e9s\u00e9re, az es\u00e9lyegyenl\u0151s\u00e9gre, a r\u00e9szv\u00e9teli megk\u00f6zel\u00edt\u00e9sre \u00e9s az akt\u00edv \u00e1llampolg\u00e1rs\u00e1g \u00f6szt\u00f6nz\u00e9s\u00e9re. Hat\u00e1st szeretn\u00e9nk gyakorolni a k\u00f6zvetlen k\u00f6rnyezet\u00fcnkre, v\u00e1rosunkra: m\u00e9g \u00e9lhet\u0151bb\u00e9, szerethet\u0151bb\u00e9 k\u00edv\u00e1njuk tenni Szegedet, ahol a Motiv\u00e1ci\u00f3&#8230;<\/p>","protected":false},"author":1,"featured_media":0,"parent":0,"menu_order":0,"comment_status":"closed","ping_status":"closed","template":"","meta":{"footnotes":""},"class_list":["post-22","page","type-page","status-publish","hentry"],"_links":{"self":[{"href":"https:\/\/motivaciomuhely.hu\/en\/wp-json\/wp\/v2\/pages\/22","targetHints":{"allow":["GET"]}}],"collection":[{"href":"https:\/\/motivaciomuhely.hu\/en\/wp-json\/wp\/v2\/pages"}],"about":[{"href":"https:\/\/motivaciomuhely.hu\/en\/wp-json\/wp\/v2\/types\/page"}],"author":[{"embeddable":true,"href":"https:\/\/motivaciomuhely.hu\/en\/wp-json\/wp\/v2\/users\/1"}],"replies":[{"embeddable":true,"href":"https:\/\/motivaciomuhely.hu\/en\/wp-json\/wp\/v2\/comments?post=22"}],"version-history":[{"count":24,"href":"https:\/\/motivaciomuhely.hu\/en\/wp-json\/wp\/v2\/pages\/22\/revisions"}],"predecessor-version":[{"id":1539,"href":"https:\/\/motivaciomuhely.hu\/en\/wp-json\/wp\/v2\/pages\/22\/revisions\/1539"}],"wp:attachment":[{"href":"https:\/\/motivaciomuhely.hu\/en\/wp-json\/wp\/v2\/media?parent=22"}],"curies":[{"name":"wp","href":"https:\/\/api.w.org\/{rel}","templated":true}]}}