{"id":24,"date":"2024-05-17T19:11:28","date_gmt":"2024-05-17T17:11:28","guid":{"rendered":"https:\/\/motivaciomuhely.hu\/?page_id=24"},"modified":"2026-02-24T19:20:50","modified_gmt":"2026-02-24T18:20:50","slug":"1-2","status":"publish","type":"page","link":"https:\/\/motivaciomuhely.hu\/en\/1-2\/","title":{"rendered":"1%"},"content":{"rendered":"<p class=\"has-custom-sz-n-2-color has-text-color has-link-color has-large-font-size wp-elements-67f64dd250cbde5983d07ce8d4f847c6\"><strong>Support Our Work by Donating 1% of Your Income Tax<\/strong><\/p>\n\n\n\n<p class=\"text-justify\">In Hungary, taxpayers have the unique opportunity to allocate 1% of their personal income tax to a nonprofit organization of their choice\u2014at no additional cost to themselves. By choosing Motivation Collective, you directly support our educational and community programs.<\/p>\n\n\n\n<p class=\"text-justify\">Motivation Collective works toward a just, open, inclusive, and sustainable society, as well as a healthier environment.\nIn our two after-school programs, we support disadvantaged children and youth whose social and economic circumstances create barriers to their success. We also operate a community space where we organize events and initiatives that promote social dialogue and environmentally responsible thinking and action.<\/p>\n\n\n\n<p class=\"text-justify\">We believe that by working together, we can achieve meaningful change in the world.<\/p>\n\n\n\n<p class=\"has-custom-sz-n-2-color has-text-color has-link-color wp-elements-5c1ebcb14968ee54fef1301f2fab9198\"><strong>MOTIV\u00c1CI\u00d3 OKTAT\u00c1SI EGYES\u00dcLET<\/strong><\/p>\n\n\n\n<p class=\"has-custom-sz-n-2-color has-text-color has-link-color wp-elements-b7dd40de4aea6de5c71710c542f4d449\"><strong>Tax number: 18288494-1-06<\/strong><\/p>\n\n\n\n<p class=\"has-custom-sz-n-2-color has-text-color has-link-color wp-elements-dd9f1c9143092b6ddf5b562feb3e0476\"><strong>One path, shared.<\/strong>.<\/p>\n\n\n\n<figure class=\"wp-block-embed is-type-video is-provider-youtube wp-block-embed-youtube wp-embed-aspect-16-9 wp-has-aspect-ratio\"><div class=\"wp-block-embed__wrapper\">\n<iframe loading=\"lazy\" title=\"T\u00e1mogasd ad\u00f3d 1%-val a Motiv\u00e1ci\u00f3 Egyes\u00fcletet!\" width=\"500\" height=\"281\" src=\"https:\/\/www.youtube.com\/embed\/Tt2fPUHqMUY?feature=oembed\" frameborder=\"0\" allow=\"accelerometer; autoplay; clipboard-write; encrypted-media; gyroscope; picture-in-picture; web-share\" referrerpolicy=\"strict-origin-when-cross-origin\" allowfullscreen><\/iframe>\n<\/div><\/figure>\n\n\n\n<p class=\"has-large-font-size\"><strong>How to Allocate 1% of Your Income Tax<\/strong><\/p>\n\n\n\n<p>1. Visit&nbsp;<a href=\"https:\/\/eszja.nav.gov.hu\/\" target=\"_blank\" rel=\"noreferrer noopener\">eszja.nav.gov.hu<\/a>&nbsp;website.<br><br>2. Open the platform for allocating&nbsp;<strong>1%<\/strong>&nbsp;of your income tax.<br><br>3. Search for&nbsp;<strong>a Motiv\u00e1ci\u00f3 Oktat\u00e1si Egyes\u00fcletet<\/strong>, or enter our details:<\/p>\n\n\n\n<p class=\"has-contrast-color has-text-color has-link-color wp-elements-a0f0694e25229fc19eab38cea20d5449\"><strong>MOTIV\u00c1CI\u00d3 OKTAT\u00c1SI EGYES\u00dcLET<\/strong><\/p>\n\n\n\n<p class=\"has-contrast-color has-text-color has-link-color wp-elements-398ff6762d8350afd78a5b57f521c9ca\"><strong>Tax number: 18288494-1-06<\/strong><br><br>4. Nyomd meg a&nbsp;<strong>bead\u00e1s<\/strong>&nbsp;gombot!<\/p>\n\n\n\n<p><\/p>\n\n\n\n<p><strong>Deadline: May 20, 2026<\/strong><\/p>\n\n\n\n<p class=\"K\u00f6sz\u00f6n has-custom-sz-n-2-color has-text-color has-link-color wp-elements-f05dfd4d74377e64bc668212346275ef\"><strong>Thank you for your support!<\/strong><\/p>\n\n\n\n<p class=\"K\u00f6sz\u00f6n\"><\/p>\n\n\n\n<figure class=\"wp-block-image aligncenter size-full\"><img loading=\"lazy\" decoding=\"async\" width=\"3000\" height=\"1575\" src=\"https:\/\/motivaciomuhely.hu\/wp-content\/uploads\/2026\/02\/ado1_16-9.png\" alt=\"\" class=\"wp-image-1404\" srcset=\"https:\/\/motivaciomuhely.hu\/wp-content\/uploads\/2026\/02\/ado1_16-9.png 3000w, https:\/\/motivaciomuhely.hu\/wp-content\/uploads\/2026\/02\/ado1_16-9-300x158.png 300w, https:\/\/motivaciomuhely.hu\/wp-content\/uploads\/2026\/02\/ado1_16-9-1024x538.png 1024w, https:\/\/motivaciomuhely.hu\/wp-content\/uploads\/2026\/02\/ado1_16-9-768x403.png 768w, https:\/\/motivaciomuhely.hu\/wp-content\/uploads\/2026\/02\/ado1_16-9-1536x806.png 1536w, https:\/\/motivaciomuhely.hu\/wp-content\/uploads\/2026\/02\/ado1_16-9-2048x1075.png 2048w, https:\/\/motivaciomuhely.hu\/wp-content\/uploads\/2026\/02\/ado1_16-9-18x9.png 18w\" sizes=\"auto, (max-width: 3000px) 100vw, 3000px\" \/><\/figure>","protected":false},"excerpt":{"rendered":"<p>T\u00e1mogasd m\u0171k\u00f6d\u00e9s\u00fcnket ad\u00f3d 1%-\u00e1nak felaj\u00e1nl\u00e1s\u00e1val! A Motiv\u00e1ci\u00f3 M\u0171hely egy olyan k\u00f6z\u00f6ss\u00e9g, melynek tagjaik\u00e9nt egy igazs\u00e1gos, nyitott, befogad\u00f3, fenntarthat\u00f3an m\u0171k\u00f6d\u0151 t\u00e1rsadalom\u00e9rt, \u00e9s egy \u00e9lhet\u0151bb k\u00f6rnyezet\u00e9rt dolgozunk. K\u00e9t tanod\u00e1nkban t\u00e1mogatjuk azokat a neh\u00e9z sors\u00fa gyereket, fiatalokat, akiknek t\u00e1rsadalmi \u00e9s anyagi k\u00f6r\u00fclm\u00e9nyeik megnehez\u00edtik az \u00e9letben val\u00f3 boldogul\u00e1sukat. Valamint egy olyan k\u00f6z\u00f6ss\u00e9gi teret m\u0171k\u00f6dtet\u00fcnk, ahol rendezv\u00e9nyeket, akci\u00f3kat szervez\u00fcnk a&#8230;<\/p>","protected":false},"author":1,"featured_media":0,"parent":0,"menu_order":0,"comment_status":"closed","ping_status":"closed","template":"","meta":{"footnotes":""},"class_list":["post-24","page","type-page","status-publish","hentry"],"_links":{"self":[{"href":"https:\/\/motivaciomuhely.hu\/en\/wp-json\/wp\/v2\/pages\/24","targetHints":{"allow":["GET"]}}],"collection":[{"href":"https:\/\/motivaciomuhely.hu\/en\/wp-json\/wp\/v2\/pages"}],"about":[{"href":"https:\/\/motivaciomuhely.hu\/en\/wp-json\/wp\/v2\/types\/page"}],"author":[{"embeddable":true,"href":"https:\/\/motivaciomuhely.hu\/en\/wp-json\/wp\/v2\/users\/1"}],"replies":[{"embeddable":true,"href":"https:\/\/motivaciomuhely.hu\/en\/wp-json\/wp\/v2\/comments?post=24"}],"version-history":[{"count":17,"href":"https:\/\/motivaciomuhely.hu\/en\/wp-json\/wp\/v2\/pages\/24\/revisions"}],"predecessor-version":[{"id":1405,"href":"https:\/\/motivaciomuhely.hu\/en\/wp-json\/wp\/v2\/pages\/24\/revisions\/1405"}],"wp:attachment":[{"href":"https:\/\/motivaciomuhely.hu\/en\/wp-json\/wp\/v2\/media?parent=24"}],"curies":[{"name":"wp","href":"https:\/\/api.w.org\/{rel}","templated":true}]}}