{"id":26,"date":"2024-05-17T19:11:43","date_gmt":"2024-05-17T17:11:43","guid":{"rendered":"https:\/\/motivaciomuhely.hu\/?page_id=26"},"modified":"2026-04-10T14:42:17","modified_gmt":"2026-04-10T12:42:17","slug":"helyhasznalat","status":"publish","type":"page","link":"https:\/\/motivaciomuhely.hu\/en\/helyhasznalat\/","title":{"rendered":"About the Community Space"},"content":{"rendered":"<p class=\"text-justify\">The Motivation Community Space is an inclusive venue that not only hosts Motivation Collective\u2019s programs but also provides infrastructure for other civil society organizations and informal groups<\/p>\n\n\n\n<p class=\"text-justify\">Our event hall can accommodate up to 80 people and is well suited for hosting trainings, workshops, and presentations.<\/p>\n\n\n\n<p class=\"text-justify\">Partners using the space agree to the terms of use and house rules, and are encouraged to contribute\u2014within their means\u2014to the maintenance of the venue and the smooth running of events.<\/p>\n\n\n\n<p class=\"text-justify\">We seek to collaborate with partners who share our core values and whose work contributes to a more open and supportive society. It is important to us that the space remains a safe and inclusive environment; therefore, we do not collaborate with organizations or groups that promote exclusion, discrimination, or extremist ideologies.<\/p>\n\n\n\n<p class=\"text-justify\">You can find detailed information about using the Community Space, as well as the house rules, in the documents below.<\/p>\n\n\n\n<div class=\"wp-block-buttons is-content-justification-center is-layout-flex wp-container-core-buttons-is-layout-1 wp-block-buttons-is-layout-flex\">\n<div class=\"wp-block-button\"><a class=\"wp-block-button__link wp-element-button\" href=\"https:\/\/motivaciomuhely.hu\/wp-content\/uploads\/2025\/03\/Motivacio-Kozossegi-Ter-Igenybevetel.pdf\" target=\"_blank\" rel=\"noreferrer noopener\"><strong>Guidelines<\/strong><\/a><\/div>\n\n\n\n<div class=\"wp-block-button\"><a class=\"wp-block-button__link wp-element-button\" href=\"https:\/\/motivaciomuhely.hu\/wp-content\/uploads\/2025\/05\/Kozossegi-ter_Hazirend.pdf\"><strong>House rules<\/strong><\/a><\/div>\n<\/div>\n\n\n\n<hr class=\"wp-block-separator has-text-color has-custom-sz-n-2-color has-alpha-channel-opacity has-custom-sz-n-2-background-color has-background is-style-wide\" style=\"margin-top:var(--wp--preset--spacing--30);margin-bottom:var(--wp--preset--spacing--30)\"\/>\n\n\n\n<figure class=\"wp-block-gallery has-nested-images columns-default is-cropped wp-block-gallery-1 is-layout-flex wp-block-gallery-is-layout-flex\">\n<figure class=\"wp-block-image aligncenter size-large\"><img loading=\"lazy\" decoding=\"async\" width=\"799\" height=\"533\" data-id=\"574\" src=\"https:\/\/motivaciomuhely.hu\/wp-content\/uploads\/2025\/03\/54321785502_7c8b951269_c.jpg\" alt=\"\" class=\"wp-image-574\" srcset=\"https:\/\/motivaciomuhely.hu\/wp-content\/uploads\/2025\/03\/54321785502_7c8b951269_c.jpg 799w, https:\/\/motivaciomuhely.hu\/wp-content\/uploads\/2025\/03\/54321785502_7c8b951269_c-300x200.jpg 300w, https:\/\/motivaciomuhely.hu\/wp-content\/uploads\/2025\/03\/54321785502_7c8b951269_c-768x512.jpg 768w, https:\/\/motivaciomuhely.hu\/wp-content\/uploads\/2025\/03\/54321785502_7c8b951269_c-18x12.jpg 18w\" sizes=\"auto, (max-width: 799px) 100vw, 799px\" \/><\/figure>\n\n\n\n<figure class=\"wp-block-image size-large\"><img loading=\"lazy\" decoding=\"async\" width=\"799\" height=\"533\" data-id=\"573\" src=\"https:\/\/motivaciomuhely.hu\/wp-content\/uploads\/2025\/03\/54322674701_f82658d5fc_c.jpg\" alt=\"\" class=\"wp-image-573\" srcset=\"https:\/\/motivaciomuhely.hu\/wp-content\/uploads\/2025\/03\/54322674701_f82658d5fc_c.jpg 799w, https:\/\/motivaciomuhely.hu\/wp-content\/uploads\/2025\/03\/54322674701_f82658d5fc_c-300x200.jpg 300w, https:\/\/motivaciomuhely.hu\/wp-content\/uploads\/2025\/03\/54322674701_f82658d5fc_c-768x512.jpg 768w, https:\/\/motivaciomuhely.hu\/wp-content\/uploads\/2025\/03\/54322674701_f82658d5fc_c-18x12.jpg 18w\" sizes=\"auto, (max-width: 799px) 100vw, 799px\" \/><\/figure>\n\n\n\n<figure class=\"wp-block-image size-large\"><img loading=\"lazy\" decoding=\"async\" width=\"799\" height=\"533\" data-id=\"575\" src=\"https:\/\/motivaciomuhely.hu\/wp-content\/uploads\/2025\/03\/54135774290_8464c3b383_c-2.jpg\" alt=\"\" class=\"wp-image-575\" srcset=\"https:\/\/motivaciomuhely.hu\/wp-content\/uploads\/2025\/03\/54135774290_8464c3b383_c-2.jpg 799w, https:\/\/motivaciomuhely.hu\/wp-content\/uploads\/2025\/03\/54135774290_8464c3b383_c-2-300x200.jpg 300w, https:\/\/motivaciomuhely.hu\/wp-content\/uploads\/2025\/03\/54135774290_8464c3b383_c-2-768x512.jpg 768w, https:\/\/motivaciomuhely.hu\/wp-content\/uploads\/2025\/03\/54135774290_8464c3b383_c-2-18x12.jpg 18w\" sizes=\"auto, (max-width: 799px) 100vw, 799px\" \/><\/figure>\n<\/figure>\n\n\n\n<p class=\"has-large-font-size\"><strong>Have further questions?<\/strong><\/p>\n\n\n\n<p class=\"text-justify\">Contact us at <a href=\"mailto:kozossegiter@motivaciomuhely.hu\">kozossegiter@motivaciomuhely.hu<\/a> or call us at +36 20 444 0008.<\/p>","protected":false},"excerpt":{"rendered":"<p>A Motiv\u00e1ci\u00f3 K\u00f6z\u00f6ss\u00e9gi T\u00e9r egy olyan civil k\u00f6zpont, amely nem csup\u00e1n a Motiv\u00e1ci\u00f3 M\u0171hely esem\u00e9nyeinek ad otthont, hanem m\u00e1s civil szervezetek \u00e9s inform\u00e1lis csoportok sz\u00e1m\u00e1ra is teret \u00e9s infrastrukt\u00far\u00e1t biztos\u00edt. Rendezv\u00e9nyterm\u00fcnk ak\u00e1r 80 f\u0151 befogad\u00e1s\u00e1ra is alkalmas, \u00e9s ide\u00e1lis helysz\u00ednt k\u00edn\u00e1l tr\u00e9ningek, workshopok \u00e9s el\u0151ad\u00e1sok professzion\u00e1lis lebonyol\u00edt\u00e1s\u00e1ra. A t\u00e9r haszn\u00e1lat\u00e1val egy\u00fcttm\u0171k\u00f6d\u0151 partnereink elfogadj\u00e1k az ig\u00e9nybev\u00e9tel&#8230;<\/p>","protected":false},"author":1,"featured_media":0,"parent":0,"menu_order":0,"comment_status":"closed","ping_status":"closed","template":"","meta":{"footnotes":""},"class_list":["post-26","page","type-page","status-publish","hentry"],"_links":{"self":[{"href":"https:\/\/motivaciomuhely.hu\/en\/wp-json\/wp\/v2\/pages\/26","targetHints":{"allow":["GET"]}}],"collection":[{"href":"https:\/\/motivaciomuhely.hu\/en\/wp-json\/wp\/v2\/pages"}],"about":[{"href":"https:\/\/motivaciomuhely.hu\/en\/wp-json\/wp\/v2\/types\/page"}],"author":[{"embeddable":true,"href":"https:\/\/motivaciomuhely.hu\/en\/wp-json\/wp\/v2\/users\/1"}],"replies":[{"embeddable":true,"href":"https:\/\/motivaciomuhely.hu\/en\/wp-json\/wp\/v2\/comments?post=26"}],"version-history":[{"count":20,"href":"https:\/\/motivaciomuhely.hu\/en\/wp-json\/wp\/v2\/pages\/26\/revisions"}],"predecessor-version":[{"id":1540,"href":"https:\/\/motivaciomuhely.hu\/en\/wp-json\/wp\/v2\/pages\/26\/revisions\/1540"}],"wp:attachment":[{"href":"https:\/\/motivaciomuhely.hu\/en\/wp-json\/wp\/v2\/media?parent=26"}],"curies":[{"name":"wp","href":"https:\/\/api.w.org\/{rel}","templated":true}]}}