{"id":36,"date":"2024-05-17T19:14:43","date_gmt":"2024-05-17T17:14:43","guid":{"rendered":"https:\/\/motivaciomuhely.hu\/?page_id=36"},"modified":"2026-04-10T11:13:42","modified_gmt":"2026-04-10T09:13:42","slug":"dokumentumok","status":"publish","type":"page","link":"https:\/\/motivaciomuhely.hu\/en\/dokumentumok\/","title":{"rendered":"Documents"},"content":{"rendered":"<p class=\"Motiv\u00e1ci\u00f3 Oktat\u00e1si Egyes\u00fcletK\u00f6zhaszn\u00fas\u00e1gi jelent\u00e9s 2013 [PDF]K\u00f6zhaszn\u00fas\u00e1gi jelent\u00e9s 2014 [PDF]K\u00f6zhaszn\u00fas\u00e1gi jelent\u00e9s 2015 [PDF]K\u00f6zhaszn\u00fas\u00e1gi jelent\u00e9s 2016 [PDF]K\u00f6zhaszn\u00fas\u00e1gi jelent\u00e9s 2017 [PDF]K\u00f6zhaszn\u00fas\u00e1gi jelent\u00e9s 2018 [PDF]K\u00f6zhaszn\u00fas\u00e1gi jelent\u00e9s 2019 [PDF]K\u00f6zhaszn\u00fas\u00e1gi jelent\u00e9s 2020 [PDF]K\u00f6zhaszn\u00fas\u00e1gi jelent\u00e9s 2021 [PDF]K\u00f6zhaszn\u00fas\u00e1gi jelent\u00e9s 2022 [PDF]\">Annual report 2020 [<a href=\"https:\/\/motivaciomuhely.hu\/wp-content\/uploads\/2025\/03\/2020_OBHGEPI_PK_642_18288494106_Motivacio_Oktatasi_Egyesult_1194753874633900.pdf\" data-type=\"attachment\" data-id=\"677\">PDF<\/a>]<br>Annual report 2021 [<a href=\"https:\/\/motivaciomuhely.hu\/wp-content\/uploads\/2025\/03\/2021_Motivacio-Egyesulet-beszamolo.pdf\" data-type=\"attachment\" data-id=\"679\">PDF<\/a>]<br>Annual report 2022 [<a href=\"https:\/\/motivaciomuhely.hu\/wp-content\/uploads\/2025\/03\/2022_OBHGEPI_PK_842.pdf\" data-type=\"attachment\" data-id=\"678\">PDF<\/a>]<br>Annual report 2023 [<a href=\"https:\/\/motivaciomuhely.hu\/wp-content\/uploads\/2025\/03\/2023_OBHGEPI_PK_642_18288494106_Motivacio_Oktatasi_Egyesult_1194753874633900.pdf\" data-type=\"attachment\" data-id=\"676\">PDF<\/a>]<br>K\u00f6zhaszn\u00fas\u00e1gi jelent\u00e9s 2024 [<a href=\"https:\/\/motivaciomuhely.hu\/wp-content\/uploads\/2025\/06\/Beszamolo_2024.pdf\" data-type=\"attachment\" data-id=\"676\" target=\"_blank\" rel=\"noreferrer noopener\">PDF<\/a>]<\/p>\n\n\n\n<p><strong>Privacy and GDPR policy<\/strong><\/p>\n\n\n\n<p><a href=\"https:\/\/motivaciomuhely.hu\/wp-content\/uploads\/2025\/03\/final_Adatkezelesi-Tajekoztato-Motivacio-Oktatasi-Egyesulet_-2.pdf\" data-type=\"link\" data-id=\"https:\/\/motivaciomuhely.hu\/wp-content\/uploads\/2025\/03\/final_Adatkezelesi-Tajekoztato-Motivacio-Oktatasi-Egyesulet_-2.pdf\" target=\"_blank\" rel=\"noreferrer noopener\">A t\u00e1j\u00e9koztat\u00f3 ide kattintva \u00e9rhet\u0151 el<\/a><\/p>\n\n\n\n<p><strong>Child protection policy<\/strong><\/p>\n\n\n\n<p>HUN &#8211; <a href=\"https:\/\/motivaciomuhely.hu\/wp-content\/uploads\/2025\/04\/Motivacio_gyermekvedelmi_iranyelv_2.pdf\">Gyermekv\u00e9delmi ir\u00e1nyelv\u00fcnk itt \u00e9rhet\u0151 el<\/a><\/p>\n\n\n\n<p>ENG &#8211; <a href=\"https:\/\/motivaciomuhely.hu\/wp-content\/uploads\/2025\/04\/Motivation_Child_Protection_Policy_03.30_2.pdf\">Child protection policy<\/a><\/p>\n\n\n\n<p class=\"K\u00f6zhaszn\u00fas\u00e1gi jelent\u00e9s 2022 [PDF]\"><strong>A Motiv\u00e1ci\u00f3 Oktat\u00e1si Egyes\u00fclet \u00e1ltal bejelent\u00e9s alapj\u00e1n szervezett feln\u0151ttk\u00e9pz\u00e9sek<\/strong><\/p>\n\n\n\n<p><a href=\"https:\/\/motivaciomuhely.hu\/wp-content\/uploads\/2025\/03\/honlapra-kepzesek-2024.pdf\" data-type=\"link\" data-id=\"https:\/\/motivaciomuhely.hu\/wp-content\/uploads\/2025\/03\/honlapra-kepzesek-2024.pdf\">2024<\/a>, <a href=\"https:\/\/motivaciomuhely.hu\/wp-content\/uploads\/2025\/03\/honlapra-kepzesek-2023.pdf\" data-type=\"link\" data-id=\"https:\/\/motivaciomuhely.hu\/wp-content\/uploads\/2025\/03\/honlapra-kepzesek-2023.pdf\">2023<\/a>, <a href=\"https:\/\/motivaciomuhely.hu\/wp-content\/uploads\/2025\/03\/honlapra-kepzesek-2022.pdf\" data-type=\"link\" data-id=\"https:\/\/motivaciomuhely.hu\/wp-content\/uploads\/2025\/03\/honlapra-kepzesek-2022.pdf\">2022<\/a>, <a href=\"https:\/\/motivaciomuhely.hu\/wp-content\/uploads\/2025\/03\/kepzesek-honlapra_2021.pdf\" data-type=\"link\" data-id=\"https:\/\/motivaciomuhely.hu\/wp-content\/uploads\/2025\/03\/kepzesek-honlapra_2021.pdf\">2021<\/a>, <a href=\"https:\/\/motivaciomuhely.hu\/wp-content\/uploads\/2025\/03\/kepzesek2020.pdf\" data-type=\"link\" data-id=\"https:\/\/motivaciomuhely.hu\/wp-content\/uploads\/2025\/03\/kepzesek2020.pdf\">2020<\/a>, <a href=\"https:\/\/motivaciomuhely.hu\/wp-content\/uploads\/2025\/03\/kepzesek2019.pdf\" data-type=\"link\" data-id=\"https:\/\/motivaciomuhely.hu\/wp-content\/uploads\/2025\/03\/kepzesek2019.pdf\">2019<\/a><\/p>\n\n\n\n<p><strong>A Motiv\u00e1ci\u00f3 Oktat\u00e1si Egyes\u00fclet \u00e1ltal szervezett pedag\u00f3gus-tov\u00e1bbk\u00e9pz\u00e9sek<\/strong> <strong>min\u0151s\u00e9gbiztos\u00edt\u00e1si \u00f6sszes\u00edt\u0151je<\/strong><\/p>\n\n\n\n<p><a href=\"https:\/\/motivaciomuhely.hu\/wp-content\/uploads\/2025\/03\/pedtovkepzes2024_Minosegbiztositasi_urlap-1.pdf\" data-type=\"link\" data-id=\"https:\/\/motivaciomuhely.hu\/wp-content\/uploads\/2025\/03\/pedtovkepzes2024_Minosegbiztositasi_urlap-1.pdf\">2024<\/a>, <a href=\"https:\/\/motivaciomuhely.hu\/wp-content\/uploads\/2025\/03\/pedtovkepzes2023_Minosegbiztositasi_urlap.pdf\" data-type=\"link\" data-id=\"https:\/\/motivaciomuhely.hu\/wp-content\/uploads\/2025\/03\/pedtovkepzes2023_Minosegbiztositasi_urlap.pdf\">2023<\/a><\/p>","protected":false},"excerpt":{"rendered":"<p>K\u00f6zhaszn\u00fas\u00e1gi jelent\u00e9s 2020 [PDF]K\u00f6zhaszn\u00fas\u00e1gi jelent\u00e9s 2021 [PDF]K\u00f6zhaszn\u00fas\u00e1gi jelent\u00e9s 2022 [PDF]K\u00f6zhaszn\u00fas\u00e1gi jelent\u00e9s 2023 [PDF]K\u00f6zhaszn\u00fas\u00e1gi jelent\u00e9s 2024 [PDF] Adatkezel\u00e9si t\u00e1j\u00e9koztat\u00f3 \u00e9s szab\u00e1lyzat A t\u00e1j\u00e9koztat\u00f3 ide kattintva \u00e9rhet\u0151 el Gyermekv\u00e9delmi ir\u00e1nyelv HUN &#8211; Gyermekv\u00e9delmi ir\u00e1nyelv\u00fcnk itt \u00e9rhet\u0151 el ENG &#8211; Child protection policy A Motiv\u00e1ci\u00f3 Oktat\u00e1si Egyes\u00fclet \u00e1ltal bejelent\u00e9s alapj\u00e1n szervezett feln\u0151ttk\u00e9pz\u00e9sek 2024, 2023, 2022, 2021, 2020, 2019&#8230;<\/p>","protected":false},"author":1,"featured_media":0,"parent":0,"menu_order":0,"comment_status":"closed","ping_status":"closed","template":"","meta":{"footnotes":""},"class_list":["post-36","page","type-page","status-publish","hentry"],"_links":{"self":[{"href":"https:\/\/motivaciomuhely.hu\/en\/wp-json\/wp\/v2\/pages\/36","targetHints":{"allow":["GET"]}}],"collection":[{"href":"https:\/\/motivaciomuhely.hu\/en\/wp-json\/wp\/v2\/pages"}],"about":[{"href":"https:\/\/motivaciomuhely.hu\/en\/wp-json\/wp\/v2\/types\/page"}],"author":[{"embeddable":true,"href":"https:\/\/motivaciomuhely.hu\/en\/wp-json\/wp\/v2\/users\/1"}],"replies":[{"embeddable":true,"href":"https:\/\/motivaciomuhely.hu\/en\/wp-json\/wp\/v2\/comments?post=36"}],"version-history":[{"count":17,"href":"https:\/\/motivaciomuhely.hu\/en\/wp-json\/wp\/v2\/pages\/36\/revisions"}],"predecessor-version":[{"id":1408,"href":"https:\/\/motivaciomuhely.hu\/en\/wp-json\/wp\/v2\/pages\/36\/revisions\/1408"}],"wp:attachment":[{"href":"https:\/\/motivaciomuhely.hu\/en\/wp-json\/wp\/v2\/media?parent=36"}],"curies":[{"name":"wp","href":"https:\/\/api.w.org\/{rel}","templated":true}]}}