{"id":507,"date":"2025-02-05T20:20:26","date_gmt":"2025-02-05T19:20:26","guid":{"rendered":"https:\/\/motivaciomuhely.hu\/?page_id=507"},"modified":"2026-04-10T12:58:56","modified_gmt":"2026-04-10T10:58:56","slug":"tamogatas-partnerseg","status":"publish","type":"page","link":"https:\/\/motivaciomuhely.hu\/en\/tamogatas-partnerseg\/","title":{"rendered":"Support &amp; Partnerships"},"content":{"rendered":"<p>A Motiv\u00e1ci\u00f3 M\u0171helyn\u00e9l hisz\u00fcnk abban, hogy a felel\u0151ss\u00e9gv\u00e1llal\u00e1s k\u00f6z\u00f6s \u00fcgy. Ahhoz, hogy hossz\u00fa t\u00e1von is jelen lehess\u00fcnk a gyerekek, a csal\u00e1dok \u00e9s a k\u00f6z\u00f6ss\u00e9gek \u00e9let\u00e9ben, egy\u00fcttm\u0171k\u00f6d\u00e9sekre, t\u00e1mogat\u00f3kra \u00e9s partnerekre is sz\u00fcks\u00e9g\u00fcnk van.<\/p>\n\n\n\n<p>Ha fontos sz\u00e1modra egy igazs\u00e1gosabb, befogad\u00f3bb \u00e9s fenntarthat\u00f3bb t\u00e1rsadalom \u00fcgye, t\u00f6bbf\u00e9lek\u00e9ppen is kapcsol\u00f3dhatsz hozz\u00e1nk.<\/p>\n\n\n\n<p>Szervezet\u00fcnk a BP Digital NGO link\u00e9p\u00edt\u00e9s programja keret\u00e9ben is r\u00e9szes\u00fcl t\u00e1mogat\u00e1sban. Egy\u00fcttm\u0171k\u00f6d\u0151 partnereink:<\/p>\n\n\n\n<!-- Swiper CSS -->\n<link rel=\"stylesheet\" href=\"https:\/\/cdn.jsdelivr.net\/npm\/swiper\/swiper-bundle.min.css\" \/>\n\n<div class=\"swiper mySwiper\">\n  <div class=\"swiper-wrapper\">\n    <div class=\"swiper-slide\">\n      <a href=\"https:\/\/babalesz.hu\/\" target=\"_blank\" rel=\"noopener\">\n        <img decoding=\"async\" src=\"https:\/\/motivaciomuhely.hu\/wp-content\/uploads\/2025\/08\/Babalesz.hu-logo.png\" alt=\"Babalesz.hu\">\n      <\/a>\n    <\/div>\n\n    <div class=\"swiper-slide\">\n      <a href=\"https:\/\/shop.biotechusa.hu\/\" target=\"_blank\" rel=\"noopener\">\n        <img decoding=\"async\" src=\"https:\/\/motivaciomuhely.hu\/wp-content\/uploads\/2025\/08\/BioTechUSA-logo.png\" alt=\"BioTechUSA\">\n      <\/a>\n    <\/div>\n\n    <div class=\"swiper-slide\">\n      <a href=\"https:\/\/bpdigital.hu\/\" target=\"_blank\" rel=\"noopener\">\n        <img decoding=\"async\" src=\"https:\/\/motivaciomuhely.hu\/wp-content\/uploads\/2025\/08\/BP-Digital-logo.png\" alt=\"BP Digital\">\n      <\/a>\n    <\/div>\n\n    <div class=\"swiper-slide\">\n      <a href=\"https:\/\/clinident.hu\/\" target=\"_blank\" rel=\"noopener\">\n        <img decoding=\"async\" src=\"https:\/\/motivaciomuhely.hu\/wp-content\/uploads\/2025\/08\/Clinident-logo.png\" alt=\"Clinident\">\n      <\/a>\n    <\/div>\n\n    <div class=\"swiper-slide\">\n      <a href=\"https:\/\/csepelkerekpar.hu\/\" target=\"_blank\" rel=\"noopener\">\n        <img decoding=\"async\" src=\"https:\/\/motivaciomuhely.hu\/wp-content\/uploads\/2025\/08\/Csepel-kerekpar-logo.png\" alt=\"Csepel Ker\u00e9kp\u00e1r\">\n      <\/a>\n    <\/div>\n\n    <div class=\"swiper-slide\">\n      <a href=\"https:\/\/www.invitalpet.hu\/\" target=\"_blank\" rel=\"noopener\">\n        <img decoding=\"async\" src=\"https:\/\/motivaciomuhely.hu\/wp-content\/uploads\/2025\/08\/Invital-logo.png\" alt=\"Invital Pet\">\n      <\/a>\n    <\/div>\n\n    <div class=\"swiper-slide\">\n      <a href=\"https:\/\/szonyegakcio.hu\/\" target=\"_blank\" rel=\"noopener\">\n        <img decoding=\"async\" src=\"https:\/\/motivaciomuhely.hu\/wp-content\/uploads\/2025\/08\/Szonyegakcio.hu-logo.png\" alt=\"Sz\u0151nyegakci\u00f3.hu\">\n      <\/a>\n    <\/div>\n\n    <div class=\"swiper-slide\">\n      <a href=\"https:\/\/www.torolkozowebshop.hu\/\" target=\"_blank\" rel=\"noopener\">\n        <img decoding=\"async\" src=\"https:\/\/motivaciomuhely.hu\/wp-content\/uploads\/2025\/08\/Torolkozo-webshop.hu-logo.png\" alt=\"T\u00f6r\u00f6lk\u00f6z\u0151 Webshop\">\n      <\/a>\n    <\/div>\n\n    <div class=\"swiper-slide\">\n      <a href=\"https:\/\/ydiak.hu\/\" target=\"_blank\" rel=\"noopener\">\n        <img decoding=\"async\" src=\"https:\/\/motivaciomuhely.hu\/wp-content\/uploads\/2025\/08\/Ydiak-logo.png\" alt=\"Ydi\u00e1k\">\n      <\/a>\n    <\/div>\n  <\/div>\n\n  <!-- P\u00f6tty\u00f6k -->\n  <div class=\"swiper-pagination\"><\/div>\n<\/div>\n\n<style>\n\/* P\u00f6tty\u00f6k st\u00edlusa *\/\n.swiper-pagination {\n  position: relative;\n  margin-top: 20px;\n  text-align: center;\n}\n.swiper-pagination-bullet {\n  background: #058c89;\n  opacity: 0.4;\n}\n.swiper-pagination-bullet-active {\n  opacity: 1;\n}\n\n\/* Log\u00f3 dobozok *\/\n.mySwiper .swiper-slide {\n  display: flex;\n  align-items: center;\n  justify-content: center;\n  height: 120px;           \/* minden log\u00f3 doboz magass\u00e1ga *\/\n  background: #fff;        \/* egys\u00e9ges feh\u00e9r h\u00e1tt\u00e9r *\/\n  border: 1px solid #eee;  \/* finom keret *\/\n  border-radius: 8px;      \/* lekerek\u00edtett sarkok *\/\n  padding: 10px;\n  box-sizing: border-box;\n}\n\n\/* Log\u00f3k m\u00e9retez\u00e9se *\/\n.mySwiper img {\n  max-width: 100%;\n  max-height: 100%;\n  object-fit: contain; \/* ne torzuljon *\/\n}\n<\/style>\n\n<!-- Swiper JS -->\n<script src=\"https:\/\/cdn.jsdelivr.net\/npm\/swiper\/swiper-bundle.min.js\"><\/script>\n<script>\n  var swiper = new Swiper(\".mySwiper\", {\n    slidesPerView: 5,\n    spaceBetween: 30,\n    loop: true,\n    pagination: {\n      el: \".swiper-pagination\",\n      clickable: true,\n    },\n    autoplay: {\n      delay: 2000,\n      disableOnInteraction: false,\n    },\n    breakpoints: {\n      320:  { slidesPerView: 2, spaceBetween: 10 },\n      768:  { slidesPerView: 3, spaceBetween: 20 },\n      1024: { slidesPerView: 5, spaceBetween: 30 }\n    }\n  });\n<\/script>","protected":false},"excerpt":{"rendered":"<p>A Motiv\u00e1ci\u00f3 M\u0171helyn\u00e9l hisz\u00fcnk abban, hogy a felel\u0151ss\u00e9gv\u00e1llal\u00e1s k\u00f6z\u00f6s \u00fcgy. Ahhoz, hogy hossz\u00fa t\u00e1von is jelen lehess\u00fcnk a gyerekek, a csal\u00e1dok \u00e9s a k\u00f6z\u00f6ss\u00e9gek \u00e9let\u00e9ben, egy\u00fcttm\u0171k\u00f6d\u00e9sekre, t\u00e1mogat\u00f3kra \u00e9s partnerekre is sz\u00fcks\u00e9g\u00fcnk van. Ha fontos sz\u00e1modra egy igazs\u00e1gosabb, befogad\u00f3bb \u00e9s fenntarthat\u00f3bb t\u00e1rsadalom \u00fcgye, t\u00f6bbf\u00e9lek\u00e9ppen is kapcsol\u00f3dhatsz hozz\u00e1nk. Szervezet\u00fcnk a BP Digital NGO link\u00e9p\u00edt\u00e9s programja keret\u00e9ben is&#8230;<\/p>","protected":false},"author":1,"featured_media":0,"parent":0,"menu_order":0,"comment_status":"closed","ping_status":"closed","template":"","meta":{"footnotes":""},"class_list":["post-507","page","type-page","status-publish","hentry"],"_links":{"self":[{"href":"https:\/\/motivaciomuhely.hu\/en\/wp-json\/wp\/v2\/pages\/507","targetHints":{"allow":["GET"]}}],"collection":[{"href":"https:\/\/motivaciomuhely.hu\/en\/wp-json\/wp\/v2\/pages"}],"about":[{"href":"https:\/\/motivaciomuhely.hu\/en\/wp-json\/wp\/v2\/types\/page"}],"author":[{"embeddable":true,"href":"https:\/\/motivaciomuhely.hu\/en\/wp-json\/wp\/v2\/users\/1"}],"replies":[{"embeddable":true,"href":"https:\/\/motivaciomuhely.hu\/en\/wp-json\/wp\/v2\/comments?post=507"}],"version-history":[{"count":28,"href":"https:\/\/motivaciomuhely.hu\/en\/wp-json\/wp\/v2\/pages\/507\/revisions"}],"predecessor-version":[{"id":1514,"href":"https:\/\/motivaciomuhely.hu\/en\/wp-json\/wp\/v2\/pages\/507\/revisions\/1514"}],"wp:attachment":[{"href":"https:\/\/motivaciomuhely.hu\/en\/wp-json\/wp\/v2\/media?parent=507"}],"curies":[{"name":"wp","href":"https:\/\/api.w.org\/{rel}","templated":true}]}}