{"id":8,"date":"2024-05-17T19:08:46","date_gmt":"2024-05-17T17:08:46","guid":{"rendered":"https:\/\/motivaciomuhely.hu\/?page_id=8"},"modified":"2026-04-10T14:31:17","modified_gmt":"2026-04-10T12:31:17","slug":"tanodaplatform","status":"publish","type":"page","link":"https:\/\/motivaciomuhely.hu\/en\/tanodaplatform\/","title":{"rendered":"TanodaPlatform"},"content":{"rendered":"<p class=\"text-justify\">Motivation Collective coordinates the TanodaPlatform network, which brings together after-school programs and similar initiatives across Hungary that support the development of disadvantaged children\u2014those growing up in difficult socioeconomic conditions.\nThe organizations in the network are diverse: they work with different age groups, use a wide range of methods, and operate in varied institutional and infrastructural contexts. What connects them is a shared commitment to the children they serve and an openness to professional learning and development.\nThe goal of TanodaPlatform is to support collaboration and professional growth across the network through the sharing of innovative practices, the organization of knowledge exchanges, as well as research and publications. We also engage in advocacy work, and have successfully contributed to shaping policies, funding calls, and financing decisions affecting after-school programs.\nWe regularly publish reports on the current situation of after-school programs and the challenges they face.<\/p>\n\n\n\n<p class=\"has-text-align-left text-justify\">Learn more about TanodaPlatform at:&nbsp;<a href=\"https:\/\/tanodaplatform.hu\/\">https:\/\/tanodaplatform.hu\/<\/a>&nbsp;website.<\/p>\n\n\n\n<figure class=\"wp-block-image aligncenter size-large is-resized\"><img loading=\"lazy\" decoding=\"async\" width=\"1024\" height=\"527\" src=\"https:\/\/motivaciomuhely.hu\/wp-content\/uploads\/2025\/03\/tp_header2-01-1024x527.png\" alt=\"\" class=\"wp-image-655\" style=\"width:505px;height:auto\" srcset=\"https:\/\/motivaciomuhely.hu\/wp-content\/uploads\/2025\/03\/tp_header2-01-1024x527.png 1024w, https:\/\/motivaciomuhely.hu\/wp-content\/uploads\/2025\/03\/tp_header2-01-300x154.png 300w, https:\/\/motivaciomuhely.hu\/wp-content\/uploads\/2025\/03\/tp_header2-01-768x395.png 768w, https:\/\/motivaciomuhely.hu\/wp-content\/uploads\/2025\/03\/tp_header2-01-1536x790.png 1536w, https:\/\/motivaciomuhely.hu\/wp-content\/uploads\/2025\/03\/tp_header2-01-2048x1053.png 2048w, https:\/\/motivaciomuhely.hu\/wp-content\/uploads\/2025\/03\/tp_header2-01-18x9.png 18w\" sizes=\"auto, (max-width: 1024px) 100vw, 1024px\" \/><\/figure>\n\n\n\n<p class=\"text-justify has-contrast-color has-text-color has-link-color wp-elements-05e1713b20a227a09eaf659ea10e2860\">For those interested in pedagogical innovation and in supporting disadvantaged learners, the TanodaPlatform newsletter offers monthly updates, including news, training and funding opportunities, research findings, methodological developments, and highlights from the after-school program movement.<\/p>\n\n\n\n<p class=\"has-custom-sz-n-2-color has-text-color has-link-color wp-elements-6057ff6d72ad35e03abe1b1cc838c969\"><strong>Subscribe to stay up to date with the latest news.<\/strong><\/p>\n\n\n\n<div class=\"wp-block-buttons is-layout-flex wp-block-buttons-is-layout-flex\">\n<div class=\"wp-block-button\"><a class=\"wp-block-button__link has-white-color has-custom-sz-n-1-background-color has-text-color has-background has-link-color wp-element-button\" href=\"https:\/\/actionnetwork.org\/forms\/tanodaplatform-hirlevel-feliratkozas\"><strong>Subscribe<\/strong><\/a><\/div>\n<\/div>","protected":false},"excerpt":{"rendered":"<p>A&nbsp;Motiv\u00e1ci\u00f3 M\u0171hely koordin\u00e1lja a TanodaPlatform-h\u00e1l\u00f3zatot, amely a h\u00e1tr\u00e1nyos helyzet\u0171, vagyis neh\u00e9z anyagi k\u00f6r\u00fclm\u00e9nyek k\u00f6z\u00f6tt \u00e9l\u0151 gyerekek fejleszt\u00e9s\u00e9vel foglalkoz\u00f3 magyarorsz\u00e1gi tanod\u00e1k, tanoda jelleg\u0171 kezdem\u00e9nyez\u00e9sek egy\u00fcttm\u0171k\u00f6d\u00e9s\u00e9re \u00e9p\u00fcl. A h\u00e1l\u00f3zathoz csatlakoz\u00f3 szervezetek sokf\u00e9l\u00e9k \u2013 k\u00fcl\u00f6nb\u00f6z\u0151 m\u00f3dszerekkel, koroszt\u00e1lyokkal \u00e9s infrastruktur\u00e1lis h\u00e1tt\u00e9rrel dolgoznak \u2013, de \u00f6sszek\u00f6ti \u0151ket a c\u00e9lcsoport ir\u00e1nti elk\u00f6telezetts\u00e9g \u00e9s a szakmai fejl\u0151d\u00e9s ir\u00e1nti nyitotts\u00e1g. A TanodaPlatform c\u00e9lja,&#8230;<\/p>","protected":false},"author":1,"featured_media":0,"parent":0,"menu_order":0,"comment_status":"closed","ping_status":"closed","template":"","meta":{"footnotes":""},"class_list":["post-8","page","type-page","status-publish","hentry"],"_links":{"self":[{"href":"https:\/\/motivaciomuhely.hu\/en\/wp-json\/wp\/v2\/pages\/8","targetHints":{"allow":["GET"]}}],"collection":[{"href":"https:\/\/motivaciomuhely.hu\/en\/wp-json\/wp\/v2\/pages"}],"about":[{"href":"https:\/\/motivaciomuhely.hu\/en\/wp-json\/wp\/v2\/types\/page"}],"author":[{"embeddable":true,"href":"https:\/\/motivaciomuhely.hu\/en\/wp-json\/wp\/v2\/users\/1"}],"replies":[{"embeddable":true,"href":"https:\/\/motivaciomuhely.hu\/en\/wp-json\/wp\/v2\/comments?post=8"}],"version-history":[{"count":10,"href":"https:\/\/motivaciomuhely.hu\/en\/wp-json\/wp\/v2\/pages\/8\/revisions"}],"predecessor-version":[{"id":1525,"href":"https:\/\/motivaciomuhely.hu\/en\/wp-json\/wp\/v2\/pages\/8\/revisions\/1525"}],"wp:attachment":[{"href":"https:\/\/motivaciomuhely.hu\/en\/wp-json\/wp\/v2\/media?parent=8"}],"curies":[{"name":"wp","href":"https:\/\/api.w.org\/{rel}","templated":true}]}}